{"id":28,"date":"2025-12-26T16:20:11","date_gmt":"2025-12-26T16:20:11","guid":{"rendered":"https:\/\/resortesgalicia.com\/?page_id=28"},"modified":"2026-02-26T22:46:33","modified_gmt":"2026-02-26T22:46:33","slug":"calidad","status":"publish","type":"page","link":"https:\/\/resortesgalicia.com\/fr\/calidad\/","title":{"rendered":"Qualit\u00e9"},"content":{"rendered":"<div data-elementor-type=\"wp-page\" data-elementor-id=\"28\" class=\"elementor elementor-28\" data-elementor-settings=\"{&quot;ha_cmc_init_switcher&quot;:&quot;no&quot;}\" data-elementor-post-type=\"page\">\n\t\t\t\t<div class=\"elementor-element elementor-element-dca1f90 e-flex e-con-boxed e-con e-parent\" data-id=\"dca1f90\" data-element_type=\"container\" data-e-type=\"container\" data-settings=\"{&quot;background_background&quot;:&quot;classic&quot;,&quot;_ha_eqh_enable&quot;:false}\">\n\t\t\t\t\t<div class=\"e-con-inner\">\n\t\t<div class=\"elementor-element elementor-element-639b00c e-con-full e-flex e-con e-child\" data-id=\"639b00c\" data-element_type=\"container\" data-e-type=\"container\" data-settings=\"{&quot;_ha_eqh_enable&quot;:false}\">\n\t\t\t\t<div class=\"elementor-element elementor-element-9b79c78 elementor-widget elementor-widget-spacer\" data-id=\"9b79c78\" data-element_type=\"widget\" data-e-type=\"widget\" data-widget_type=\"spacer.default\">\n\t\t\t\t\t\t\t<div class=\"elementor-spacer\">\n\t\t\t<div class=\"elementor-spacer-inner\"><\/div>\n\t\t<\/div>\n\t\t\t\t\t\t<\/div>\n\t\t\t\t<div class=\"elementor-element elementor-element-1b8b44e ha-has-bg-overlay elementor-invisible elementor-widget elementor-widget-heading\" data-id=\"1b8b44e\" data-element_type=\"widget\" data-e-type=\"widget\" data-settings=\"{&quot;_animation&quot;:&quot;fadeInUp&quot;,&quot;_animation_delay&quot;:400}\" data-widget_type=\"heading.default\">\n\t\t\t\t\t<p class=\"elementor-heading-title elementor-size-default\">RESORTES GALICIA<\/p>\t\t\t\t<\/div>\n\t\t\t\t<\/div>\n\t\t\t\t\t<\/div>\n\t\t\t\t<\/div>\n\t\t<div class=\"elementor-element elementor-element-58fe4e1 e-flex e-con-boxed e-con e-parent\" data-id=\"58fe4e1\" data-element_type=\"container\" data-e-type=\"container\" data-settings=\"{&quot;background_background&quot;:&quot;classic&quot;,&quot;_ha_eqh_enable&quot;:false}\">\n\t\t\t\t\t<div class=\"e-con-inner\">\n\t\t<div class=\"elementor-element elementor-element-87a1b19 e-con-full e-flex e-con e-child\" data-id=\"87a1b19\" data-element_type=\"container\" data-e-type=\"container\" data-settings=\"{&quot;_ha_eqh_enable&quot;:false}\">\n\t\t\t\t<div class=\"elementor-element elementor-element-3ed8e39 elementor-widget__width-initial elementor-widget-mobile__width-inherit elementor-invisible elementor-widget elementor-widget-text-editor\" data-id=\"3ed8e39\" data-element_type=\"widget\" data-e-type=\"widget\" data-settings=\"{&quot;_animation&quot;:&quot;fadeInUp&quot;}\" data-widget_type=\"text-editor.default\">\n\t\t\t\t\t\t\t\t\t<p class=\" translation-block\"><span style=\"font-weight: 400\">Chez <\/span><b>Resortes Galicia<\/b><span style=\"font-weight: 400\">, nous consid\u00e9rons la qualit\u00e9 comme une v\u00e9ritable garantie de performance et de conformit\u00e9, depuis la r\u00e9ception d\u2019une commande jusqu\u2019\u00e0 la sortie de chaque produit de nos installations. C\u2019est pourquoi <\/span><b>aucune r\u00e9f\u00e9rence ne quitte notre usine sans avoir \u00e9t\u00e9 v\u00e9rifi\u00e9e et approuv\u00e9e conform\u00e9ment aux exigences techniques convenues avec nos clients<\/b><span style=\"font-weight: 400\">.<\/span><\/p><p><span style=\"font-weight: 400;\">Notre m\u00e9thodologie qualit\u00e9 repose sur des contr\u00f4les continus, une technologie de mesure avanc\u00e9e et des essais fonctionnels garantissant des produits fiables, constants et adapt\u00e9s \u00e0 leur application :<\/span><\/p><p class=\" translation-block\"><b>V\u00e9rification \u00e0 toutes les \u00e9tapes de production<\/b><span style=\"font-weight: 400\"><br><\/span><span style=\"font-weight: 400\">Chaque commande est soigneusement examin\u00e9e et planifi\u00e9e avant d\u2019entrer en production. Tout au long du processus, le contr\u00f4le qualit\u00e9 est int\u00e9gr\u00e9 \u00e0 chaque \u00e9tape, garantissant que les mati\u00e8res premi\u00e8res, les proc\u00e9d\u00e9s de formage et les finitions respectent les sp\u00e9cifications requises.<\/span><\/p><p class=\" translation-block\"><b>Mesure automatis\u00e9e et vision artificielle<\/b><span style=\"font-weight: 400\"><br><\/span><span style=\"font-weight: 400\">Nous disposons de <\/span><b>syst\u00e8mes de vision artificielle de haute pr\u00e9cision<\/b><span style=\"font-weight: 400\"> et d\u2019\u00e9quipements de mesure avanc\u00e9s permettant d\u2019\u00e9valuer dimensions, tol\u00e9rances et formes avec une grande exactitude. Cette technologie compl\u00e8te l\u2019inspection manuelle et nous aide \u00e0 d\u00e9tecter rapidement toute d\u00e9viation.<\/span><\/p><p class=\" translation-block\"><b>Essais de performance et dynamom\u00e9trie<\/b><span style=\"font-weight: 400\"><br><\/span><span style=\"font-weight: 400\">Nous r\u00e9alisons des essais fonctionnels avec des <\/span><b>dynamom\u00e8tres sp\u00e9cialis\u00e9s<\/b><span style=\"font-weight: 400\"> et d\u2019autres \u00e9quipements de test afin de v\u00e9rifier le comportement de chaque ressort en conditions r\u00e9elles de charge. Ces essais valident que la fonctionnalit\u00e9 du produit correspond aux param\u00e8tres de conception et aux standards de performance exig\u00e9s par nos clients.<\/span><\/p><p class=\" translation-block\"><b>Contr\u00f4le final et lib\u00e9ration du produit<\/b><span style=\"font-weight: 400\"><br><\/span><span style=\"font-weight: 400\">Avant exp\u00e9dition, les ressorts passent par un <\/span><b>contr\u00f4le qualit\u00e9 final<\/b><span style=\"font-weight: 400\"> v\u00e9rifiant dimensions, comportement m\u00e9canique et pr\u00e9sentation. Seules les pi\u00e8ces r\u00e9pondant \u00e0 tous les crit\u00e8res de contr\u00f4le peuvent \u00eatre exp\u00e9di\u00e9es.<\/span><\/p><p class=\" translation-block\"><b>Syst\u00e8me de gestion certifi\u00e9<\/b><span style=\"font-weight: 400\"><br><\/span><span style=\"font-weight: 400\">Notre travail est soutenu par un <\/span><b>Syst\u00e8me de Management de la Qualit\u00e9 conforme \u00e0 la norme UNE-EN ISO 9001<\/b><span style=\"font-weight: 400\">, garantissant tra\u00e7abilit\u00e9, coh\u00e9rence et am\u00e9lioration continue de tous nos processus.<\/span><\/p><p><span style=\"font-weight: 400;\">Cette approche structur\u00e9e, appuy\u00e9e par des technologies avanc\u00e9es de mesure, de vision artificielle et d\u2019essais, nous permet de proposer des ressorts r\u00e9pondant aux exigences techniques les plus \u00e9lev\u00e9es et offrant une totale confiance dans leur performance.<\/span><\/span><\/p>\t\t\t\t\t\t\t\t<\/div>\n\t\t\t\t<\/div>\n\t\t\t\t<div class=\"elementor-element elementor-element-6ff5c77 elementor-invisible elementor-widget elementor-widget-button\" data-id=\"6ff5c77\" data-element_type=\"widget\" data-e-type=\"widget\" data-settings=\"{&quot;_animation&quot;:&quot;fadeInUp&quot;,&quot;_animation_delay&quot;:700}\" data-widget_type=\"button.default\">\n\t\t\t\t\t\t\t\t\t\t<a class=\"elementor-button elementor-button-link elementor-size-sm\" href=\"https:\/\/resortesgalicia.com\/wp-content\/uploads\/2026\/02\/3._Politica_SGC_-_08.03.2019.pdf\" target=\"_blank\">\n\t\t\t\t\t\t<span class=\"elementor-button-content-wrapper\">\n\t\t\t\t\t\t\t\t\t<span class=\"elementor-button-text\">T\u00e9l\u00e9charger la Politique de Qualit\u00e9<\/span>\n\t\t\t\t\t<\/span>\n\t\t\t\t\t<\/a>\n\t\t\t\t\t\t\t\t<\/div>\n\t\t\t\t\t<\/div>\n\t\t\t\t<\/div>\n\t\t<div class=\"elementor-element elementor-element-c74e9f0 e-con-full e-flex e-con e-parent\" data-id=\"c74e9f0\" data-element_type=\"container\" data-e-type=\"container\" data-settings=\"{&quot;_ha_eqh_enable&quot;:false}\">\n\t\t\t\t<div class=\"elementor-element elementor-element-091b11b elementor-widget elementor-widget-image\" data-id=\"091b11b\" data-element_type=\"widget\" data-e-type=\"widget\" data-widget_type=\"image.default\">\n\t\t\t\t\t\t\t\t\t\t\t\t\t\t\t<img decoding=\"async\" width=\"1905\" height=\"1\" src=\"https:\/\/resortesgalicia.com\/wp-content\/uploads\/2025\/12\/Horizontal-Divider.svg\" class=\"attachment-full size-full wp-image-188\" alt=\"\" \/>\t\t\t\t\t\t\t\t\t\t\t\t\t\t\t<\/div>\n\t\t\t\t<\/div>\n\t\t<div class=\"elementor-element elementor-element-61d0af6 e-flex e-con-boxed e-con e-parent\" data-id=\"61d0af6\" data-element_type=\"container\" data-e-type=\"container\" data-settings=\"{&quot;background_background&quot;:&quot;classic&quot;,&quot;_ha_eqh_enable&quot;:false}\">\n\t\t\t\t\t<div class=\"e-con-inner\">\n\t\t<div class=\"elementor-element elementor-element-66aa409 e-con-full e-flex e-con e-child\" data-id=\"66aa409\" data-element_type=\"container\" data-e-type=\"container\" data-settings=\"{&quot;_ha_eqh_enable&quot;:false}\">\n\t\t\t\t<div class=\"elementor-element elementor-element-2216502 elementor-widget__width-initial elementor-widget-mobile__width-inherit elementor-invisible elementor-widget elementor-widget-heading\" data-id=\"2216502\" data-element_type=\"widget\" data-e-type=\"widget\" data-settings=\"{&quot;_animation&quot;:&quot;fadeInUp&quot;}\" data-widget_type=\"heading.default\">\n\t\t\t\t\t<h2 class=\"elementor-heading-title elementor-size-default\">Notre objectif : la qualit\u00e9<\/h2>\t\t\t\t<\/div>\n\t\t\t\t<div class=\"elementor-element elementor-element-63bd207 elementor-widget__width-initial elementor-widget-mobile__width-inherit elementor-invisible elementor-widget elementor-widget-heading\" data-id=\"63bd207\" data-element_type=\"widget\" data-e-type=\"widget\" data-settings=\"{&quot;_animation&quot;:&quot;fadeInUp&quot;}\" data-no-translation=\"\" data-widget_type=\"heading.default\">\n\t\t\t\t\t<style>.elementor-element-63bd207{display:none !important}<\/style>\t\t\t\t<\/div>\n\t\t\t\t<div class=\"elementor-element elementor-element-05ed1bd animated-slow elementor-widget-divider--view-line elementor-invisible elementor-widget elementor-widget-divider\" data-id=\"05ed1bd\" data-element_type=\"widget\" data-e-type=\"widget\" data-settings=\"{&quot;_animation&quot;:&quot;fadeInUp&quot;}\" data-widget_type=\"divider.default\">\n\t\t\t\t\t\t\t<div class=\"elementor-divider\">\n\t\t\t<span class=\"elementor-divider-separator\">\n\t\t\t\t\t\t<\/span>\n\t\t<\/div>\n\t\t\t\t\t\t<\/div>\n\t\t\t\t<div class=\"elementor-element elementor-element-56ae55d elementor-widget__width-initial elementor-widget-mobile__width-inherit elementor-invisible elementor-widget elementor-widget-text-editor\" data-id=\"56ae55d\" data-element_type=\"widget\" data-e-type=\"widget\" data-settings=\"{&quot;_animation&quot;:&quot;fadeInUp&quot;}\" data-widget_type=\"text-editor.default\">\n\t\t\t\t\t\t\t\t\t<p>Resortes Galicia d\u00e9finit comme politique g\u00e9n\u00e9rale de l\u2019entreprise l\u2019offre de produits qui satisfont pleinement ses clients, tant en termes de qualit\u00e9 que de niveau de service.<\/p><p>\u00c0 cette fin, les objectifs strat\u00e9giques sont l\u2019investissement technologique constant, la formation continue et l\u2019engagement de l\u2019ensemble de l\u2019\u00e9quipe humaine dans l\u2019am\u00e9lioration continue des processus de production.<\/p><p>L\u2019ensemble de ces processus est certifi\u00e9 selon la norme ISO 9001:2015, d\u00e9livr\u00e9e par l\u2019organisme certificateur T\u00dcV Rheinland.<\/p>\t\t\t\t\t\t\t\t<\/div>\n\t\t\t\t<div class=\"elementor-element elementor-element-7d0c8dc elementor-widget__width-initial elementor-widget-mobile__width-inherit elementor-invisible elementor-widget elementor-widget-text-editor\" data-id=\"7d0c8dc\" data-element_type=\"widget\" data-e-type=\"widget\" data-settings=\"{&quot;_animation&quot;:&quot;fadeInUp&quot;}\" data-no-translation=\"\" data-widget_type=\"text-editor.default\">\n\t\t\t\t\t<style>.elementor-element-7d0c8dc{display:none !important}<\/style>\t\t\t\t<\/div>\n\t\t\t\t<div class=\"elementor-element elementor-element-afd43bd elementor-absolute elementor-hidden-tablet elementor-hidden-mobile elementor-invisible elementor-widget elementor-widget-button\" data-id=\"afd43bd\" data-element_type=\"widget\" data-e-type=\"widget\" data-settings=\"{&quot;_animation&quot;:&quot;fadeInUp&quot;,&quot;_animation_delay&quot;:700,&quot;_position&quot;:&quot;absolute&quot;}\" data-widget_type=\"button.default\">\n\t\t\t\t\t\t\t\t\t\t<a class=\"elementor-button elementor-button-link elementor-size-sm\" href=\"https:\/\/resortesgalicia.com\/wp-content\/uploads\/2026\/01\/0.04.16281_Main_ES.pdf\" target=\"_blank\">\n\t\t\t\t\t\t<span class=\"elementor-button-content-wrapper\">\n\t\t\t\t\t\t\t\t\t<span class=\"elementor-button-text\">T\u00e9l\u00e9charger l\u2019ISO 9001:2015<\/span>\n\t\t\t\t\t<\/span>\n\t\t\t\t\t<\/a>\n\t\t\t\t\t\t\t\t<\/div>\n\t\t\t\t<\/div>\n\t\t\t\t<div class=\"elementor-element elementor-element-052071f elementor-widget__width-initial elementor-widget-mobile__width-inherit elementor-invisible elementor-widget elementor-widget-image\" data-id=\"052071f\" data-element_type=\"widget\" data-e-type=\"widget\" data-settings=\"{&quot;_animation&quot;:&quot;fadeInRight&quot;}\" data-widget_type=\"image.default\">\n\t\t\t\t\t\t\t\t\t\t\t\t\t\t\t<img fetchpriority=\"high\" decoding=\"async\" width=\"600\" height=\"686\" src=\"https:\/\/resortesgalicia.com\/wp-content\/uploads\/2026\/01\/resortes-galicia-27.webp\" class=\"attachment-full size-full wp-image-429\" alt=\"\" srcset=\"https:\/\/resortesgalicia.com\/wp-content\/uploads\/2026\/01\/resortes-galicia-27.webp 600w, https:\/\/resortesgalicia.com\/wp-content\/uploads\/2026\/01\/resortes-galicia-27-262x300.webp 262w, https:\/\/resortesgalicia.com\/wp-content\/uploads\/2026\/01\/resortes-galicia-27-10x12.webp 10w\" sizes=\"(max-width: 600px) 100vw, 600px\" \/>\t\t\t\t\t\t\t\t\t\t\t\t\t\t\t<\/div>\n\t\t\t\t<div class=\"elementor-element elementor-element-c3c3354 elementor-mobile-align-justify elementor-widget-mobile__width-inherit elementor-hidden-desktop elementor-hidden-laptop elementor-invisible elementor-widget elementor-widget-button\" data-id=\"c3c3354\" data-element_type=\"widget\" data-e-type=\"widget\" data-settings=\"{&quot;_animation&quot;:&quot;fadeInUp&quot;,&quot;_animation_delay&quot;:700}\" data-widget_type=\"button.default\">\n\t\t\t\t\t\t\t\t\t\t<a class=\"elementor-button elementor-button-link elementor-size-sm\" href=\"https:\/\/resortesgalicia.com\/wp-content\/uploads\/2026\/01\/0.04.16281_Main_ES.pdf\" target=\"_blank\">\n\t\t\t\t\t\t<span class=\"elementor-button-content-wrapper\">\n\t\t\t\t\t\t\t\t\t<span class=\"elementor-button-text\">T\u00e9l\u00e9charger l\u2019ISO 9001:2015<\/span>\n\t\t\t\t\t<\/span>\n\t\t\t\t\t<\/a>\n\t\t\t\t\t\t\t\t<\/div>\n\t\t\t\t\t<\/div>\n\t\t\t\t<\/div>\n\t\t\t\t<\/div>","protected":false},"excerpt":{"rendered":"<p>RESORTES GALICIA En Resortes Galicia entendemos la calidad como una garant\u00eda real de rendimiento y conformidad desde que se recibe un pedido hasta que cada producto sale de nuestras instalaciones. Por eso, ninguna referencia abandona nuestra f\u00e1brica sin haber sido verificada y aprobada conforme a los requisitos t\u00e9cnicos pactados con nuestros clientes.\u00a0 Nuestra metodolog\u00eda de [&hellip;]<\/p>\n","protected":false},"author":1,"featured_media":0,"parent":0,"menu_order":0,"comment_status":"closed","ping_status":"closed","template":"elementor_header_footer","meta":{"footnotes":""},"class_list":["post-28","page","type-page","status-publish","hentry"],"_links":{"self":[{"href":"https:\/\/resortesgalicia.com\/fr\/wp-json\/wp\/v2\/pages\/28","targetHints":{"allow":["GET"]}}],"collection":[{"href":"https:\/\/resortesgalicia.com\/fr\/wp-json\/wp\/v2\/pages"}],"about":[{"href":"https:\/\/resortesgalicia.com\/fr\/wp-json\/wp\/v2\/types\/page"}],"author":[{"embeddable":true,"href":"https:\/\/resortesgalicia.com\/fr\/wp-json\/wp\/v2\/users\/1"}],"replies":[{"embeddable":true,"href":"https:\/\/resortesgalicia.com\/fr\/wp-json\/wp\/v2\/comments?post=28"}],"version-history":[{"count":5,"href":"https:\/\/resortesgalicia.com\/fr\/wp-json\/wp\/v2\/pages\/28\/revisions"}],"predecessor-version":[{"id":1864,"href":"https:\/\/resortesgalicia.com\/fr\/wp-json\/wp\/v2\/pages\/28\/revisions\/1864"}],"wp:attachment":[{"href":"https:\/\/resortesgalicia.com\/fr\/wp-json\/wp\/v2\/media?parent=28"}],"curies":[{"name":"wp","href":"https:\/\/api.w.org\/{rel}","templated":true}]}}