{"id":1048,"date":"2026-02-23T17:34:35","date_gmt":"2026-02-23T17:34:35","guid":{"rendered":"https:\/\/resortesgalicia.com\/?page_id=1048"},"modified":"2026-02-26T17:48:50","modified_gmt":"2026-02-26T17:48:50","slug":"politica-de-privacidad","status":"publish","type":"page","link":"https:\/\/resortesgalicia.com\/fr\/politica-de-privacidad\/","title":{"rendered":"Politique de Confidentialit\u00e9"},"content":{"rendered":"<div data-elementor-type=\"wp-page\" data-elementor-id=\"1048\" class=\"elementor elementor-1048\" data-elementor-settings=\"{&quot;ha_cmc_init_switcher&quot;:&quot;no&quot;}\" data-elementor-post-type=\"page\">\n\t\t\t\t<div class=\"elementor-element elementor-element-efcbbdb e-con-full e-flex e-con e-parent\" data-id=\"efcbbdb\" data-element_type=\"container\" data-e-type=\"container\" data-settings=\"{&quot;_ha_eqh_enable&quot;:false}\">\n\t\t\t\t<div class=\"elementor-element elementor-element-f39e99d elementor-widget elementor-widget-template\" data-id=\"f39e99d\" data-element_type=\"widget\" data-e-type=\"widget\" data-widget_type=\"template.default\">\n\t\t\t\t<div class=\"elementor-widget-container\">\n\t\t\t\t\t\t\t<div class=\"elementor-template\">\n\t\t\t\t\t<div data-elementor-type=\"container\" data-elementor-id=\"891\" class=\"elementor elementor-891\" data-elementor-settings=\"{&quot;ha_cmc_init_switcher&quot;:&quot;no&quot;}\" data-elementor-post-type=\"elementor_library\">\n\t\t\t\t<div class=\"elementor-element elementor-element-4d09dffa e-flex e-con-boxed e-con e-parent\" data-id=\"4d09dffa\" data-element_type=\"container\" data-e-type=\"container\" data-settings=\"{&quot;background_background&quot;:&quot;classic&quot;,&quot;_ha_eqh_enable&quot;:false}\">\n\t\t\t\t\t<div class=\"e-con-inner\">\n\t\t\t\t<div class=\"elementor-element elementor-element-741825 ha-has-bg-overlay elementor-invisible elementor-widget elementor-widget-heading\" data-id=\"741825\" data-element_type=\"widget\" data-e-type=\"widget\" data-settings=\"{&quot;_animation&quot;:&quot;fadeInUp&quot;,&quot;_animation_delay&quot;:400}\" data-widget_type=\"heading.default\">\n\t\t\t\t\t<p class=\"elementor-heading-title elementor-size-default\">RESORTES GALICIA<\/p>\t\t\t\t<\/div>\n\t\t\t\t\t<\/div>\n\t\t\t\t<\/div>\n\t\t\t\t<\/div>\n\t\t\t\t<\/div>\n\t\t\t\t\t\t<\/div>\n\t\t\t\t<\/div>\n\t\t\t\t<\/div>\n\t\t<div class=\"elementor-element elementor-element-4941a34 e-flex e-con-boxed e-con e-parent\" data-id=\"4941a34\" data-element_type=\"container\" data-e-type=\"container\" data-settings=\"{&quot;background_background&quot;:&quot;classic&quot;,&quot;_ha_eqh_enable&quot;:false}\">\n\t\t\t\t\t<div class=\"e-con-inner\">\n\t\t<div class=\"elementor-element elementor-element-c757ed2 e-con-full e-flex e-con e-child\" data-id=\"c757ed2\" data-element_type=\"container\" data-e-type=\"container\" data-settings=\"{&quot;_ha_eqh_enable&quot;:false}\">\n\t\t\t\t<div class=\"elementor-element elementor-element-6b38175 elementor-widget__width-initial elementor-widget-mobile__width-inherit elementor-invisible elementor-widget elementor-widget-text-editor\" data-id=\"6b38175\" data-element_type=\"widget\" data-e-type=\"widget\" data-settings=\"{&quot;_animation&quot;:&quot;fadeInUp&quot;}\" data-widget_type=\"text-editor.default\">\n\t\t\t\t\t\t\t\t\t<h2>POLITIQUE DE CONFIDENTIALIT\u00c9<\/h2><p>Ce site web est conforme aux exigences de la Loi Organique 15\/1999 du 13 d\u00e9cembre relative \u00e0 la Protection des Donn\u00e9es \u00e0 Caract\u00e8re Personnel (LOPD), ainsi qu\u2019au D\u00e9cret Royal 1720\/2007 du 21 d\u00e9cembre, connu comme le R\u00e8glement d\u2019application de la LOPD. Il est \u00e9galement conforme au R\u00e8glement (UE) 2016\/679 du Parlement europ\u00e9en et du Conseil du 27 avril 2016 relatif \u00e0 la protection des personnes physiques (RGPD), ainsi qu\u2019\u00e0 la Loi 34\/2002 du 11 juillet relative aux Services de la Soci\u00e9t\u00e9 de l\u2019Information et au Commerce \u00c9lectronique (LSSICE ou LSSI).<\/p><h3>1. Responsable<\/h3><p>Responsable : Resortes Galicia, S.L NIF : B-32435489 Adresse postale : Pol\u00edgono San Cibrao das Vi\u00f1as, Calle 3, n\u00ba 6, Nave 19\u201324, 32901 Ourense T\u00e9l\u00e9phone : +34 988 227329 Courrier \u00e9lectronique : resortesgalicia@resortesgalicia.com<\/p><h3>2. Finalit\u00e9<\/h3><p>2.1 Finalit\u00e9 du traitement : les informations fournies par les utilisateurs seront utilis\u00e9es pour la gestion, l\u2019analyse et la r\u00e9solution des demandes effectu\u00e9es via le site web. Les donn\u00e9es \u00e0 caract\u00e8re personnel des utilisateurs seront collect\u00e9es au moyen de formulaires en ligne, via Internet. Les donn\u00e9es personnelles pourront ensuite \u00eatre trait\u00e9es afin de r\u00e9aliser des statistiques et des actions commerciales ponctuelles. En aucun cas ce site web ne c\u00e9dera les donn\u00e9es personnelles de ses utilisateurs \u00e0 des tiers sans les en informer pr\u00e9alablement et obtenir leur consentement. 2.2 D\u00e9lais ou crit\u00e8res de conservation des donn\u00e9es : les donn\u00e9es seront conserv\u00e9es pendant le temps n\u00e9cessaire selon les informations fournies ou jusqu\u2019\u00e0 ce que leur suppression soit demand\u00e9e par la personne concern\u00e9e.<\/p><h3>3. Base juridique<\/h3><p>La base juridique du traitement est le consentement de l\u2019utilisateur.<\/p><h3>4. Destinataires<\/h3><p>Les donn\u00e9es sont communiqu\u00e9es aux entreprises suivantes, qui fournissent des services strictement n\u00e9cessaires au d\u00e9veloppement de son activit\u00e9 : H\u00e9bergement : Resortes Galicia contracte son infrastructure virtuelle via IONOS (https:\/\/ionos.com) Plateforme web : WordPress (https:\/\/es.wordpress.org)<\/p><h3>5. Droits<\/h3><p>Vous pouvez nous contacter (par courrier \u00e9lectronique ou postal) afin d\u2019exercer les droits suivants : Droit de demander l\u2019acc\u00e8s aux donn\u00e9es personnelles concernant la personne concern\u00e9e, \u2013 Droit de demander leur rectification ou suppression, \u2013 Droit de demander la limitation de leur traitement \u2013 Droit de s\u2019opposer au traitement \u2013 Droit \u00e0 la portabilit\u00e9 des donn\u00e9es Les donn\u00e9es personnelles obtenues sur le site resortesgalicia.com proviennent de : 1. Formulaire de contact 2. Cookies. Vous pouvez consulter ici notre politique de cookies. Les cat\u00e9gories de donn\u00e9es trait\u00e9es sont : Donn\u00e9es d\u2019identification (nom et adresse \u00e9lectronique)<\/p>\t\t\t\t\t\t\t\t<\/div>\n\t\t\t\t<\/div>\n\t\t\t\t\t<\/div>\n\t\t\t\t<\/div>\n\t\t\t\t<\/div>","protected":false},"excerpt":{"rendered":"<p>POL\u00cdTICA DE PRIVACIDAD Esta web est\u00e1 adecuada a las exigencias de la Ley Org\u00e1nica 15\/1999, de 13 de diciembre, de Protecci\u00f3n de Datos de Car\u00e1cter Personal (LOPD), y al Real Decreto 1720\/2007, de 21 de diciembre, conocido como el Reglamento de desarrollo de la LOPD. Cumple tambi\u00e9n con el Reglamento (UE) 2016\/679 del Parlamento Europeo [&hellip;]<\/p>\n","protected":false},"author":1,"featured_media":0,"parent":0,"menu_order":0,"comment_status":"closed","ping_status":"closed","template":"elementor_header_footer","meta":{"footnotes":""},"class_list":["post-1048","page","type-page","status-publish","hentry"],"_links":{"self":[{"href":"https:\/\/resortesgalicia.com\/fr\/wp-json\/wp\/v2\/pages\/1048","targetHints":{"allow":["GET"]}}],"collection":[{"href":"https:\/\/resortesgalicia.com\/fr\/wp-json\/wp\/v2\/pages"}],"about":[{"href":"https:\/\/resortesgalicia.com\/fr\/wp-json\/wp\/v2\/types\/page"}],"author":[{"embeddable":true,"href":"https:\/\/resortesgalicia.com\/fr\/wp-json\/wp\/v2\/users\/1"}],"replies":[{"embeddable":true,"href":"https:\/\/resortesgalicia.com\/fr\/wp-json\/wp\/v2\/comments?post=1048"}],"version-history":[{"count":5,"href":"https:\/\/resortesgalicia.com\/fr\/wp-json\/wp\/v2\/pages\/1048\/revisions"}],"predecessor-version":[{"id":1732,"href":"https:\/\/resortesgalicia.com\/fr\/wp-json\/wp\/v2\/pages\/1048\/revisions\/1732"}],"wp:attachment":[{"href":"https:\/\/resortesgalicia.com\/fr\/wp-json\/wp\/v2\/media?parent=1048"}],"curies":[{"name":"wp","href":"https:\/\/api.w.org\/{rel}","templated":true}]}}