{"id":1048,"date":"2026-02-23T17:34:35","date_gmt":"2026-02-23T17:34:35","guid":{"rendered":"https:\/\/resortesgalicia.com\/?page_id=1048"},"modified":"2026-02-26T17:48:50","modified_gmt":"2026-02-26T17:48:50","slug":"politica-de-privacidad","status":"publish","type":"page","link":"https:\/\/resortesgalicia.com\/es\/politica-de-privacidad\/","title":{"rendered":"Pol\u00edtica de Privacidad"},"content":{"rendered":"\t\t<div data-elementor-type=\"wp-page\" data-elementor-id=\"1048\" class=\"elementor elementor-1048\" data-elementor-settings=\"{&quot;ha_cmc_init_switcher&quot;:&quot;no&quot;}\" data-elementor-post-type=\"page\">\n\t\t\t\t<div class=\"elementor-element elementor-element-efcbbdb e-con-full e-flex e-con e-parent\" data-id=\"efcbbdb\" data-element_type=\"container\" data-e-type=\"container\" data-settings=\"{&quot;_ha_eqh_enable&quot;:false}\">\n\t\t\t\t<div class=\"elementor-element elementor-element-f39e99d elementor-widget elementor-widget-template\" data-id=\"f39e99d\" data-element_type=\"widget\" data-e-type=\"widget\" data-widget_type=\"template.default\">\n\t\t\t\t<div class=\"elementor-widget-container\">\n\t\t\t\t\t\t\t<div class=\"elementor-template\">\n\t\t\t\t\t<div data-elementor-type=\"container\" data-elementor-id=\"891\" class=\"elementor elementor-891\" data-elementor-settings=\"{&quot;ha_cmc_init_switcher&quot;:&quot;no&quot;}\" data-elementor-post-type=\"elementor_library\">\n\t\t\t\t<div class=\"elementor-element elementor-element-4d09dffa e-flex e-con-boxed e-con e-parent\" data-id=\"4d09dffa\" data-element_type=\"container\" data-e-type=\"container\" data-settings=\"{&quot;background_background&quot;:&quot;classic&quot;,&quot;_ha_eqh_enable&quot;:false}\">\n\t\t\t\t\t<div class=\"e-con-inner\">\n\t\t\t\t<div class=\"elementor-element elementor-element-741825 ha-has-bg-overlay elementor-invisible elementor-widget elementor-widget-heading\" data-id=\"741825\" data-element_type=\"widget\" data-e-type=\"widget\" data-settings=\"{&quot;_animation&quot;:&quot;fadeInUp&quot;,&quot;_animation_delay&quot;:400}\" data-widget_type=\"heading.default\">\n\t\t\t\t\t<p class=\"elementor-heading-title elementor-size-default\">RESORTES GALICIA<\/p>\t\t\t\t<\/div>\n\t\t\t\t\t<\/div>\n\t\t\t\t<\/div>\n\t\t\t\t<\/div>\n\t\t\t\t<\/div>\n\t\t\t\t\t\t<\/div>\n\t\t\t\t<\/div>\n\t\t\t\t<\/div>\n\t\t<div class=\"elementor-element elementor-element-4941a34 e-flex e-con-boxed e-con e-parent\" data-id=\"4941a34\" data-element_type=\"container\" data-e-type=\"container\" data-settings=\"{&quot;background_background&quot;:&quot;classic&quot;,&quot;_ha_eqh_enable&quot;:false}\">\n\t\t\t\t\t<div class=\"e-con-inner\">\n\t\t<div class=\"elementor-element elementor-element-c757ed2 e-con-full e-flex e-con e-child\" data-id=\"c757ed2\" data-element_type=\"container\" data-e-type=\"container\" data-settings=\"{&quot;_ha_eqh_enable&quot;:false}\">\n\t\t\t\t<div class=\"elementor-element elementor-element-6b38175 elementor-widget__width-initial elementor-widget-mobile__width-inherit elementor-invisible elementor-widget elementor-widget-text-editor\" data-id=\"6b38175\" data-element_type=\"widget\" data-e-type=\"widget\" data-settings=\"{&quot;_animation&quot;:&quot;fadeInUp&quot;}\" data-widget_type=\"text-editor.default\">\n\t\t\t\t\t\t\t\t\t<h2>POL\u00cdTICA DE PRIVACIDAD<\/h2><p>Esta web est\u00e1 adecuada a las exigencias de la Ley Org\u00e1nica 15\/1999, de 13 de diciembre, de Protecci\u00f3n de Datos de Car\u00e1cter Personal (LOPD), y al Real Decreto 1720\/2007, de 21 de diciembre, conocido como el Reglamento de desarrollo de la LOPD. Cumple tambi\u00e9n con el Reglamento (UE) 2016\/679 del Parlamento Europeo y del Consejo de 27 de abril de 2016 relativo a la protecci\u00f3n de las personas f\u00edsicas (RGPD), as\u00ed como con la Ley 34\/2002, de 11 de julio, de Servicios de la Sociedad de la Informaci\u00f3n y Comercio Electr\u00f3nico (LSSICE o LSSI).<\/p><h3>1. Responsable<\/h3><p>Responsable: Resortes Galicia, S.L NIF: B-32435489 Direcci\u00f3n postal: Pol\u00edgono San Cibrao das Vi\u00f1as, Calle 3, n\u00ba 6, Nave 19\u201324, 32901 Ourense Tel\u00e9fono: +34 988 227329 Correo electr\u00f3nico: resortesgalicia@resortesgalicia.com<\/p><h3>2. Finalidad<\/h3><p>2.1 Finalidad del tratamiento: la informaci\u00f3n aportada por los usuarios ser\u00e1 utilizada para la gesti\u00f3n, an\u00e1lisis y resoluci\u00f3n de las consultas realizadas a trav\u00e9s de la web. Los datos de car\u00e1cter personal de los usuarios ser\u00e1n recabados a trav\u00e9s de formularios en l\u00ednea, v\u00eda Internet. Los datos personales podr\u00e1n ser tratados posteriormente con la finalidad de realizar estad\u00edsticas y acciones comerciales puntuales. En ning\u00fan caso esta web ceder\u00e1 los datos personales de sus usuarios a terceros sin informarles previamente y requerir su consentimiento. 2.2 Plazos o criterios de conservaci\u00f3n de los datos: los datos se conservar\u00e1n el tiempo necesario seg\u00fan la informaci\u00f3n facilitada o hasta que se solicite su supresi\u00f3n por el interesado.<\/p><h3>3. Legitimaci\u00f3n<\/h3><p>La base jur\u00eddica del tratamiento es el consentimiento del usuario.<\/p><h3>4. Destinatarios<\/h3><p>Los datos se comunican a las siguientes empresas, que prestan servicios estrictamente necesarios para el desarrollo de su acad: Hosting: Resortes Galicia contrata su infraestructura virtual a trav\u00e9s de IONOS (https:\/\/ionos.com) Plataforma web: WordPress (https:\/\/es.wordpress.org)<\/p><h3>5. Derechos<\/h3><p>Puede dirigirse a nosotros (a trav\u00e9s de correo electr\u00f3nico o postal) para ejercer los siguientes derechos: Derecho a solicitar el acceso a los datos personales relativos al interesado, \u2013 Derecho a solicitar su rectificaci\u00f3n o supresi\u00f3n, \u2013 Derecho a solicitar la limitaci\u00f3n de su tratamiento \u2013 Derecho a oponerse al tratamiento \u2013 Derecho a la portabilidad de los datos Los datos personales obtenidos en la web resortesgalicia.com proceden de: 1. Formulario de contacto 2. Cookies. Puedes revisar aqu\u00ed nuestra pol\u00edtica de cookies. Las categor\u00edas de los datos que se tratan son: Datos identificativos (nombre y correo electr\u00f3nico)<\/p>\t\t\t\t\t\t\t\t<\/div>\n\t\t\t\t<\/div>\n\t\t\t\t\t<\/div>\n\t\t\t\t<\/div>\n\t\t\t\t<\/div>\n\t\t","protected":false},"excerpt":{"rendered":"<p>POL\u00cdTICA DE PRIVACIDAD Esta web est\u00e1 adecuada a las exigencias de la Ley Org\u00e1nica 15\/1999, de 13 de diciembre, de Protecci\u00f3n de Datos de Car\u00e1cter Personal (LOPD), y al Real Decreto 1720\/2007, de 21 de diciembre, conocido como el Reglamento de desarrollo de la LOPD. Cumple tambi\u00e9n con el Reglamento (UE) 2016\/679 del Parlamento Europeo [&hellip;]<\/p>\n","protected":false},"author":1,"featured_media":0,"parent":0,"menu_order":0,"comment_status":"closed","ping_status":"closed","template":"elementor_header_footer","meta":{"footnotes":""},"class_list":["post-1048","page","type-page","status-publish","hentry"],"_links":{"self":[{"href":"https:\/\/resortesgalicia.com\/es\/wp-json\/wp\/v2\/pages\/1048","targetHints":{"allow":["GET"]}}],"collection":[{"href":"https:\/\/resortesgalicia.com\/es\/wp-json\/wp\/v2\/pages"}],"about":[{"href":"https:\/\/resortesgalicia.com\/es\/wp-json\/wp\/v2\/types\/page"}],"author":[{"embeddable":true,"href":"https:\/\/resortesgalicia.com\/es\/wp-json\/wp\/v2\/users\/1"}],"replies":[{"embeddable":true,"href":"https:\/\/resortesgalicia.com\/es\/wp-json\/wp\/v2\/comments?post=1048"}],"version-history":[{"count":5,"href":"https:\/\/resortesgalicia.com\/es\/wp-json\/wp\/v2\/pages\/1048\/revisions"}],"predecessor-version":[{"id":1732,"href":"https:\/\/resortesgalicia.com\/es\/wp-json\/wp\/v2\/pages\/1048\/revisions\/1732"}],"wp:attachment":[{"href":"https:\/\/resortesgalicia.com\/es\/wp-json\/wp\/v2\/media?parent=1048"}],"curies":[{"name":"wp","href":"https:\/\/api.w.org\/{rel}","templated":true}]}}