{"id":1048,"date":"2026-02-23T17:34:35","date_gmt":"2026-02-23T17:34:35","guid":{"rendered":"https:\/\/resortesgalicia.com\/?page_id=1048"},"modified":"2026-02-26T17:48:50","modified_gmt":"2026-02-26T17:48:50","slug":"politica-de-privacidad","status":"publish","type":"page","link":"https:\/\/resortesgalicia.com\/en\/politica-de-privacidad\/","title":{"rendered":"Privacy Policy"},"content":{"rendered":"<div data-elementor-type=\"wp-page\" data-elementor-id=\"1048\" class=\"elementor elementor-1048\" data-elementor-settings=\"{&quot;ha_cmc_init_switcher&quot;:&quot;no&quot;}\" data-elementor-post-type=\"page\">\n\t\t\t\t<div class=\"elementor-element elementor-element-efcbbdb e-con-full e-flex e-con e-parent\" data-id=\"efcbbdb\" data-element_type=\"container\" data-e-type=\"container\" data-settings=\"{&quot;_ha_eqh_enable&quot;:false}\">\n\t\t\t\t<div class=\"elementor-element elementor-element-f39e99d elementor-widget elementor-widget-template\" data-id=\"f39e99d\" data-element_type=\"widget\" data-e-type=\"widget\" data-widget_type=\"template.default\">\n\t\t\t\t<div class=\"elementor-widget-container\">\n\t\t\t\t\t\t\t<div class=\"elementor-template\">\n\t\t\t\t\t<div data-elementor-type=\"container\" data-elementor-id=\"891\" class=\"elementor elementor-891\" data-elementor-settings=\"{&quot;ha_cmc_init_switcher&quot;:&quot;no&quot;}\" data-elementor-post-type=\"elementor_library\">\n\t\t\t\t<div class=\"elementor-element elementor-element-4d09dffa e-flex e-con-boxed e-con e-parent\" data-id=\"4d09dffa\" data-element_type=\"container\" data-e-type=\"container\" data-settings=\"{&quot;background_background&quot;:&quot;classic&quot;,&quot;_ha_eqh_enable&quot;:false}\">\n\t\t\t\t\t<div class=\"e-con-inner\">\n\t\t\t\t<div class=\"elementor-element elementor-element-741825 ha-has-bg-overlay elementor-invisible elementor-widget elementor-widget-heading\" data-id=\"741825\" data-element_type=\"widget\" data-e-type=\"widget\" data-settings=\"{&quot;_animation&quot;:&quot;fadeInUp&quot;,&quot;_animation_delay&quot;:400}\" data-widget_type=\"heading.default\">\n\t\t\t\t\t<p class=\"elementor-heading-title elementor-size-default\">RESORTES GALICIA<\/p>\t\t\t\t<\/div>\n\t\t\t\t\t<\/div>\n\t\t\t\t<\/div>\n\t\t\t\t<\/div>\n\t\t\t\t<\/div>\n\t\t\t\t\t\t<\/div>\n\t\t\t\t<\/div>\n\t\t\t\t<\/div>\n\t\t<div class=\"elementor-element elementor-element-4941a34 e-flex e-con-boxed e-con e-parent\" data-id=\"4941a34\" data-element_type=\"container\" data-e-type=\"container\" data-settings=\"{&quot;background_background&quot;:&quot;classic&quot;,&quot;_ha_eqh_enable&quot;:false}\">\n\t\t\t\t\t<div class=\"e-con-inner\">\n\t\t<div class=\"elementor-element elementor-element-c757ed2 e-con-full e-flex e-con e-child\" data-id=\"c757ed2\" data-element_type=\"container\" data-e-type=\"container\" data-settings=\"{&quot;_ha_eqh_enable&quot;:false}\">\n\t\t\t\t<div class=\"elementor-element elementor-element-6b38175 elementor-widget__width-initial elementor-widget-mobile__width-inherit elementor-invisible elementor-widget elementor-widget-text-editor\" data-id=\"6b38175\" data-element_type=\"widget\" data-e-type=\"widget\" data-settings=\"{&quot;_animation&quot;:&quot;fadeInUp&quot;}\" data-widget_type=\"text-editor.default\">\n\t\t\t\t\t\t\t\t\t<h2>PRIVACY POLICY<\/h2><p>This website complies with the requirements of Organic Law 15\/1999, of 13 December, on the Protection of Personal Data (LOPD), and Royal Decree 1720\/2007, of 21 December, known as the Regulation implementing the LOPD. It also complies with Regulation (EU) 2016\/679 of the European Parliament and of the Council of 27 April 2016 on the protection of natural persons (GDPR), as well as Law 34\/2002, of 11 July, on Information Society Services and Electronic Commerce (LSSICE or LSSI).<\/p><h3>1. Controller<\/h3><p>Controller: Resortes Galicia, S.L NIF: B-32435489 Postal address: Pol\u00edgono San Cibrao das Vi\u00f1as, Calle 3, n\u00ba 6, Nave 19\u201324, 32901 Ourense Telephone: +34 988 227329 Email: resortesgalicia@resortesgalicia.com<\/p><h3>2. Purpose<\/h3><p>2.1 Purpose of processing: the information provided by users will be used for the management, analysis and resolution of queries submitted through the website. Users\u2019 personal data will be collected through online forms via the Internet. Personal data may subsequently be processed for statistical purposes and occasional commercial actions. Under no circumstances will this website transfer users\u2019 personal data to third parties without informing them in advance and requesting their consent. 2.2 Data retention periods or criteria: data will be retained for the time necessary according to the information provided or until its deletion is requested by the data subject.<\/p><h3>3. Legal Basis<\/h3><p>The legal basis for processing is the user\u2019s consent.<\/p><h3>4. Recipients<\/h3><p>The data is communicated to the following companies, which provide services strictly necessary for the development of its activity: Hosting: Resortes Galicia contracts its virtual infrastructure through IONOS (https:\/\/ionos.com) Web platform: WordPress (https:\/\/es.wordpress.org)<\/p><h3>5. Rights<\/h3><p>You may contact us (by email or post) to exercise the following rights: Right to request access to personal data concerning the data subject, \u2013 Right to request rectification or erasure, \u2013 Right to request restriction of processing \u2013 Right to object to processing \u2013 Right to data portability The personal data obtained on the website resortesgalicia.com comes from: 1. Contact form 2. Cookies. You can review our cookie policy here. The categories of data processed are: Identification data (name and email address)<\/p>\t\t\t\t\t\t\t\t<\/div>\n\t\t\t\t<\/div>\n\t\t\t\t\t<\/div>\n\t\t\t\t<\/div>\n\t\t\t\t<\/div>","protected":false},"excerpt":{"rendered":"<p>POL\u00cdTICA DE PRIVACIDAD Esta web est\u00e1 adecuada a las exigencias de la Ley Org\u00e1nica 15\/1999, de 13 de diciembre, de Protecci\u00f3n de Datos de Car\u00e1cter Personal (LOPD), y al Real Decreto 1720\/2007, de 21 de diciembre, conocido como el Reglamento de desarrollo de la LOPD. Cumple tambi\u00e9n con el Reglamento (UE) 2016\/679 del Parlamento Europeo [&hellip;]<\/p>\n","protected":false},"author":1,"featured_media":0,"parent":0,"menu_order":0,"comment_status":"closed","ping_status":"closed","template":"elementor_header_footer","meta":{"footnotes":""},"class_list":["post-1048","page","type-page","status-publish","hentry"],"_links":{"self":[{"href":"https:\/\/resortesgalicia.com\/en\/wp-json\/wp\/v2\/pages\/1048","targetHints":{"allow":["GET"]}}],"collection":[{"href":"https:\/\/resortesgalicia.com\/en\/wp-json\/wp\/v2\/pages"}],"about":[{"href":"https:\/\/resortesgalicia.com\/en\/wp-json\/wp\/v2\/types\/page"}],"author":[{"embeddable":true,"href":"https:\/\/resortesgalicia.com\/en\/wp-json\/wp\/v2\/users\/1"}],"replies":[{"embeddable":true,"href":"https:\/\/resortesgalicia.com\/en\/wp-json\/wp\/v2\/comments?post=1048"}],"version-history":[{"count":5,"href":"https:\/\/resortesgalicia.com\/en\/wp-json\/wp\/v2\/pages\/1048\/revisions"}],"predecessor-version":[{"id":1732,"href":"https:\/\/resortesgalicia.com\/en\/wp-json\/wp\/v2\/pages\/1048\/revisions\/1732"}],"wp:attachment":[{"href":"https:\/\/resortesgalicia.com\/en\/wp-json\/wp\/v2\/media?parent=1048"}],"curies":[{"name":"wp","href":"https:\/\/api.w.org\/{rel}","templated":true}]}}