{"id":54,"date":"2025-12-26T18:37:28","date_gmt":"2025-12-26T18:37:28","guid":{"rendered":"https:\/\/resortesgalicia.com\/?page_id=54"},"modified":"2026-03-13T13:51:39","modified_gmt":"2026-03-13T13:51:39","slug":"contacto","status":"publish","type":"page","link":"https:\/\/resortesgalicia.com\/de\/contacto\/","title":{"rendered":"Kontakt"},"content":{"rendered":"\t\t<div data-elementor-type=\"wp-page\" data-elementor-id=\"54\" class=\"elementor elementor-54\" data-elementor-settings=\"{&quot;ha_cmc_init_switcher&quot;:&quot;no&quot;}\" data-elementor-post-type=\"page\">\n\t\t\t\t<div class=\"elementor-element elementor-element-f805214 e-con-full e-flex e-con e-parent\" data-id=\"f805214\" data-element_type=\"container\" data-e-type=\"container\" data-settings=\"{&quot;_ha_eqh_enable&quot;:false}\">\n\t\t\t\t<div class=\"elementor-element elementor-element-dc4c9d2 elementor-widget elementor-widget-template\" data-id=\"dc4c9d2\" data-element_type=\"widget\" data-e-type=\"widget\" data-widget_type=\"template.default\">\n\t\t\t\t<div class=\"elementor-widget-container\">\n\t\t\t\t\t\t\t<div class=\"elementor-template\">\n\t\t\t\t\t<div data-elementor-type=\"container\" data-elementor-id=\"891\" class=\"elementor elementor-891\" data-elementor-settings=\"{&quot;ha_cmc_init_switcher&quot;:&quot;no&quot;}\" data-elementor-post-type=\"elementor_library\">\n\t\t\t\t<div class=\"elementor-element elementor-element-4d09dffa e-flex e-con-boxed e-con e-parent\" data-id=\"4d09dffa\" data-element_type=\"container\" data-e-type=\"container\" data-settings=\"{&quot;background_background&quot;:&quot;classic&quot;,&quot;_ha_eqh_enable&quot;:false}\">\n\t\t\t\t\t<div class=\"e-con-inner\">\n\t\t\t\t<div class=\"elementor-element elementor-element-741825 ha-has-bg-overlay elementor-invisible elementor-widget elementor-widget-heading\" data-id=\"741825\" data-element_type=\"widget\" data-e-type=\"widget\" data-settings=\"{&quot;_animation&quot;:&quot;fadeInUp&quot;,&quot;_animation_delay&quot;:400}\" data-widget_type=\"heading.default\">\n\t\t\t\t\t<p class=\"elementor-heading-title elementor-size-default\">RESORTES GALICIA<\/p>\t\t\t\t<\/div>\n\t\t\t\t\t<\/div>\n\t\t\t\t<\/div>\n\t\t\t\t<\/div>\n\t\t\t\t<\/div>\n\t\t\t\t\t\t<\/div>\n\t\t\t\t<\/div>\n\t\t\t\t<\/div>\n\t\t<div class=\"elementor-element elementor-element-037a465 e-flex e-con-boxed e-con e-parent\" data-id=\"037a465\" data-element_type=\"container\" data-e-type=\"container\" data-settings=\"{&quot;_ha_eqh_enable&quot;:false}\">\n\t\t\t\t\t<div class=\"e-con-inner\">\n\t\t<div class=\"elementor-element elementor-element-eeb7eed e-con-full e-flex e-con e-child\" data-id=\"eeb7eed\" data-element_type=\"container\" data-e-type=\"container\" data-settings=\"{&quot;background_background&quot;:&quot;classic&quot;,&quot;_ha_eqh_enable&quot;:false}\">\n\t\t\t\t<\/div>\n\t\t\t\t<div class=\"elementor-element elementor-element-b53bdab elementor-widget__width-initial elementor-widget-mobile__width-inherit elementor-button-align-stretch elementor-widget elementor-widget-form\" data-id=\"b53bdab\" data-element_type=\"widget\" data-e-type=\"widget\" data-settings=\"{&quot;step_next_label&quot;:&quot;Next&quot;,&quot;step_previous_label&quot;:&quot;Previous&quot;,&quot;button_width&quot;:&quot;100&quot;,&quot;step_type&quot;:&quot;number_text&quot;,&quot;step_icon_shape&quot;:&quot;circle&quot;}\" data-widget_type=\"form.default\">\n\t\t\t\t\t\t\t<form class=\"elementor-form\" method=\"post\" name=\"New Form\" aria-label=\"New Form\">\n\t\t\t<input type=\"hidden\" name=\"post_id\" value=\"54\"\/>\n\t\t\t<input type=\"hidden\" name=\"form_id\" value=\"b53bdab\"\/>\n\t\t\t<input type=\"hidden\" name=\"referer_title\" value=\"Contacto y presupuesto de muelles | Resortes Galicia\" \/>\n\n\t\t\t\t\t\t\t<input type=\"hidden\" name=\"queried_id\" value=\"54\"\/>\n\t\t\t\n\t\t\t<div class=\"elementor-form-fields-wrapper elementor-labels-above\">\n\t\t\t\t\t\t\t\t<div class=\"elementor-field-type-text elementor-field-group elementor-column elementor-field-group-name elementor-col-100\">\n\t\t\t\t\t\t\t\t\t\t\t\t<label for=\"form-field-name\" class=\"elementor-field-label\">\n\t\t\t\t\t\t\t\tNombre y Apellido\t\t\t\t\t\t\t<\/label>\n\t\t\t\t\t\t\t\t\t\t\t\t\t\t<input size=\"1\" type=\"text\" name=\"form_fields[name]\" id=\"form-field-name\" class=\"elementor-field elementor-size-sm  elementor-field-textual\" placeholder=\"Nombre y Apellido\">\n\t\t\t\t\t\t\t\t\t\t\t<\/div>\n\t\t\t\t\t\t\t\t<div class=\"elementor-field-type-email elementor-field-group elementor-column elementor-field-group-email elementor-col-100 elementor-field-required\">\n\t\t\t\t\t\t\t\t\t\t\t\t<label for=\"form-field-email\" class=\"elementor-field-label\">\n\t\t\t\t\t\t\t\tEmail\t\t\t\t\t\t\t<\/label>\n\t\t\t\t\t\t\t\t\t\t\t\t\t\t<input size=\"1\" type=\"email\" name=\"form_fields[email]\" id=\"form-field-email\" class=\"elementor-field elementor-size-sm  elementor-field-textual\" placeholder=\"Email\" required=\"required\">\n\t\t\t\t\t\t\t\t\t\t\t<\/div>\n\t\t\t\t\t\t\t\t<div class=\"elementor-field-type-tel elementor-field-group elementor-column elementor-field-group-field_c3e2f68 elementor-col-100\">\n\t\t\t\t\t\t\t\t\t\t\t\t<label for=\"form-field-field_c3e2f68\" class=\"elementor-field-label\">\n\t\t\t\t\t\t\t\tTel\u00e9fono\t\t\t\t\t\t\t<\/label>\n\t\t\t\t\t\t\t\t<input size=\"1\" type=\"tel\" name=\"form_fields[field_c3e2f68]\" id=\"form-field-field_c3e2f68\" class=\"elementor-field elementor-size-sm  elementor-field-textual\" placeholder=\"Tel\u00e9fono\" pattern=\"[0-9()#&amp;+*-=.]+\" title=\"Only numbers and phone characters (#, -, *, etc) are accepted.\">\n\n\t\t\t\t\t\t<\/div>\n\t\t\t\t\t\t\t\t<div class=\"elementor-field-type-text elementor-field-group elementor-column elementor-field-group-field_6a2848c elementor-col-100\">\n\t\t\t\t\t\t\t\t\t\t\t\t<label for=\"form-field-field_6a2848c\" class=\"elementor-field-label\">\n\t\t\t\t\t\t\t\tAsunto\t\t\t\t\t\t\t<\/label>\n\t\t\t\t\t\t\t\t\t\t\t\t\t\t<input size=\"1\" type=\"text\" name=\"form_fields[field_6a2848c]\" id=\"form-field-field_6a2848c\" class=\"elementor-field elementor-size-sm  elementor-field-textual\" placeholder=\"Asunto\">\n\t\t\t\t\t\t\t\t\t\t\t<\/div>\n\t\t\t\t\t\t\t\t<div class=\"elementor-field-type-textarea elementor-field-group elementor-column elementor-field-group-message elementor-col-100\">\n\t\t\t\t\t\t\t\t\t\t\t\t<label for=\"form-field-message\" class=\"elementor-field-label\">\n\t\t\t\t\t\t\t\tConsulta\t\t\t\t\t\t\t<\/label>\n\t\t\t\t\t\t<textarea class=\"elementor-field-textual elementor-field  elementor-size-sm\" name=\"form_fields[message]\" id=\"form-field-message\" rows=\"4\" placeholder=\"Consulta\"><\/textarea>\t\t\t\t<\/div>\n\t\t\t\t\t\t\t\t<div class=\"elementor-field-type-checkbox elementor-field-group elementor-column elementor-field-group-field_c3b6f0b elementor-col-100\">\n\t\t\t\t\t<div class=\"elementor-field-subgroup  \"><span class=\"elementor-field-option\"><input type=\"checkbox\" value=\"Comprendo y acepto la pol\u00edtica de privacidad y protecci\u00f3n de datos\" id=\"form-field-field_c3b6f0b-0\" name=\"form_fields[field_c3b6f0b]\"> <label for=\"form-field-field_c3b6f0b-0\">Comprendo y acepto la pol\u00edtica de privacidad y protecci\u00f3n de datos<\/label><\/span><\/div>\t\t\t\t<\/div>\n\t\t\t\t\t\t\t\t<div class=\"elementor-field-type-recaptcha_v3 elementor-field-group elementor-column elementor-field-group-field_69b466e elementor-col-100 recaptcha_v3-inline\">\n\t\t\t\t\t<div class=\"elementor-field\" id=\"form-field-field_69b466e\"><div class=\"elementor-g-recaptcha\" data-sitekey=\"6Le93IQsAAAAAAzQl5-p3gbSmuqn24ykw1qt_z_Z\" data-type=\"v3\" data-action=\"Form\" data-badge=\"inline\" data-size=\"invisible\"><\/div><\/div>\t\t\t\t<\/div>\n\t\t\t\t\t\t\t\t<div class=\"elementor-field-group elementor-column elementor-field-type-submit elementor-col-100 e-form__buttons\">\n\t\t\t\t\t<button class=\"elementor-button elementor-size-sm elementor-animation-grow\" type=\"submit\">\n\t\t\t\t\t\t<span class=\"elementor-button-content-wrapper\">\n\t\t\t\t\t\t\t\t\t\t\t\t\t\t\t\t\t\t\t\t\t\t<span class=\"elementor-button-text\">ENVIAR<\/span>\n\t\t\t\t\t\t\t\t\t\t\t\t\t<\/span>\n\t\t\t\t\t<\/button>\n\t\t\t\t<\/div>\n\t\t\t<\/div>\n\t\t<\/form>\n\t\t\t\t\t\t<\/div>\n\t\t<div class=\"elementor-element elementor-element-c226c4d e-con-full e-flex e-con e-child\" data-id=\"c226c4d\" data-element_type=\"container\" data-e-type=\"container\" data-settings=\"{&quot;background_background&quot;:&quot;classic&quot;,&quot;_ha_eqh_enable&quot;:false}\">\n\t\t\t\t<div class=\"elementor-element elementor-element-a638342 elementor-widget elementor-widget-heading\" data-id=\"a638342\" data-element_type=\"widget\" data-e-type=\"widget\" data-widget_type=\"heading.default\">\n\t\t\t\t\t<h2 class=\"elementor-heading-title elementor-size-default\">Informaci\u00f3n b\u00e1sica sobre la pol\u00edtica de protecci\u00f3n de datos<\/h2>\t\t\t\t<\/div>\n\t\t\t\t<div class=\"elementor-element elementor-element-83cb337 elementor-widget__width-initial elementor-widget-mobile__width-inherit elementor-invisible elementor-widget elementor-widget-text-editor\" data-id=\"83cb337\" data-element_type=\"widget\" data-e-type=\"widget\" data-settings=\"{&quot;_animation&quot;:&quot;fadeInUp&quot;}\" data-widget_type=\"text-editor.default\">\n\t\t\t\t\t\t\t\t\t<p>1. Responsable: Iker Gonz\u00e1lez<br \/><a class=\"vermascolor\" href=\"https:\/\/www.resortesgalicia.com\/politica-de-privacidad#responsable\">Ver m\u00e1s<\/a><\/p><p>2. Finalidad: gesti\u00f3n de las consultas realizadas a trav\u00e9s del formulario de la web.<br \/><a class=\"vermascolor\" href=\"https:\/\/www.resortesgalicia.com\/politica-de-privacidad#finalidad\">Ver m\u00e1s<\/a><\/p><p>3. Legitimaci\u00f3n: consentimiento del interesado.<br \/><a class=\"vermascolor\" href=\"https:\/\/www.resortesgalicia.com\/politica-de-privacidad#legitimacion\">Ver m\u00e1s<\/a><\/p><p>4. Destinatarios: se comunican datos a terceros si son imprescindibles para llevar a cabo las finalidades descritas en la pol\u00edtica de privacidad.<br \/><a class=\"vermascolor\" href=\"https:\/\/www.resortesgalicia.com\/politica-de-privacidad#destinatarios\">Ver m\u00e1s<\/a><\/p><p>5. Derechos: Tiene derecho a acceder, rectificar y suprimir los datos, as\u00ed como otros derechos, como se explica en el aviso legal y la pol\u00edtica de privacidad.<br \/><a class=\"vermascolor\" href=\"https:\/\/www.resortesgalicia.com\/politica-de-privacidad#derechos\">Ver m\u00e1s<\/a><\/p><p>6. M\u00e1s informaci\u00f3n sobre Protecci\u00f3n de datos.<br \/><a class=\"vermascolor\" href=\"https:\/\/resortesgalicia.com\/contacto\/politica-de-privacidad\/\">Ver m\u00e1s<\/a><\/p>\t\t\t\t\t\t\t\t<\/div>\n\t\t\t\t<\/div>\n\t\t\t\t\t<\/div>\n\t\t\t\t<\/div>\n\t\t\t\t<\/div>\n\t\t","protected":false},"excerpt":{"rendered":"<p>Informaci\u00f3n b\u00e1sica sobre la pol\u00edtica de protecci\u00f3n de datos 1. Responsable: Iker Gonz\u00e1lezVer m\u00e1s 2. Finalidad: gesti\u00f3n de las consultas realizadas a trav\u00e9s del formulario de la web.Ver m\u00e1s 3. Legitimaci\u00f3n: consentimiento del interesado.Ver m\u00e1s 4. Destinatarios: se comunican datos a terceros si son imprescindibles para llevar a cabo las finalidades descritas en la pol\u00edtica [&hellip;]<\/p>\n","protected":false},"author":1,"featured_media":0,"parent":0,"menu_order":0,"comment_status":"closed","ping_status":"closed","template":"elementor_header_footer","meta":{"footnotes":""},"class_list":["post-54","page","type-page","status-publish","hentry"],"_links":{"self":[{"href":"https:\/\/resortesgalicia.com\/de\/wp-json\/wp\/v2\/pages\/54","targetHints":{"allow":["GET"]}}],"collection":[{"href":"https:\/\/resortesgalicia.com\/de\/wp-json\/wp\/v2\/pages"}],"about":[{"href":"https:\/\/resortesgalicia.com\/de\/wp-json\/wp\/v2\/types\/page"}],"author":[{"embeddable":true,"href":"https:\/\/resortesgalicia.com\/de\/wp-json\/wp\/v2\/users\/1"}],"replies":[{"embeddable":true,"href":"https:\/\/resortesgalicia.com\/de\/wp-json\/wp\/v2\/comments?post=54"}],"version-history":[{"count":26,"href":"https:\/\/resortesgalicia.com\/de\/wp-json\/wp\/v2\/pages\/54\/revisions"}],"predecessor-version":[{"id":1960,"href":"https:\/\/resortesgalicia.com\/de\/wp-json\/wp\/v2\/pages\/54\/revisions\/1960"}],"wp:attachment":[{"href":"https:\/\/resortesgalicia.com\/de\/wp-json\/wp\/v2\/media?parent=54"}],"curies":[{"name":"wp","href":"https:\/\/api.w.org\/{rel}","templated":true}]}}