{"id":28,"date":"2025-12-26T16:20:11","date_gmt":"2025-12-26T16:20:11","guid":{"rendered":"https:\/\/resortesgalicia.com\/?page_id=28"},"modified":"2026-02-26T22:46:33","modified_gmt":"2026-02-26T22:46:33","slug":"calidad","status":"publish","type":"page","link":"https:\/\/resortesgalicia.com\/de\/calidad\/","title":{"rendered":"Qualit\u00e4t"},"content":{"rendered":"<div data-elementor-type=\"wp-page\" data-elementor-id=\"28\" class=\"elementor elementor-28\" data-elementor-settings=\"{&quot;ha_cmc_init_switcher&quot;:&quot;no&quot;}\" data-elementor-post-type=\"page\">\n\t\t\t\t<div class=\"elementor-element elementor-element-dca1f90 e-flex e-con-boxed e-con e-parent\" data-id=\"dca1f90\" data-element_type=\"container\" data-e-type=\"container\" data-settings=\"{&quot;background_background&quot;:&quot;classic&quot;,&quot;_ha_eqh_enable&quot;:false}\">\n\t\t\t\t\t<div class=\"e-con-inner\">\n\t\t<div class=\"elementor-element elementor-element-639b00c e-con-full e-flex e-con e-child\" data-id=\"639b00c\" data-element_type=\"container\" data-e-type=\"container\" data-settings=\"{&quot;_ha_eqh_enable&quot;:false}\">\n\t\t\t\t<div class=\"elementor-element elementor-element-9b79c78 elementor-widget elementor-widget-spacer\" data-id=\"9b79c78\" data-element_type=\"widget\" data-e-type=\"widget\" data-widget_type=\"spacer.default\">\n\t\t\t\t\t\t\t<div class=\"elementor-spacer\">\n\t\t\t<div class=\"elementor-spacer-inner\"><\/div>\n\t\t<\/div>\n\t\t\t\t\t\t<\/div>\n\t\t\t\t<div class=\"elementor-element elementor-element-1b8b44e ha-has-bg-overlay elementor-invisible elementor-widget elementor-widget-heading\" data-id=\"1b8b44e\" data-element_type=\"widget\" data-e-type=\"widget\" data-settings=\"{&quot;_animation&quot;:&quot;fadeInUp&quot;,&quot;_animation_delay&quot;:400}\" data-widget_type=\"heading.default\">\n\t\t\t\t\t<p class=\"elementor-heading-title elementor-size-default\">RESORTES GALICIA<\/p>\t\t\t\t<\/div>\n\t\t\t\t<\/div>\n\t\t\t\t\t<\/div>\n\t\t\t\t<\/div>\n\t\t<div class=\"elementor-element elementor-element-58fe4e1 e-flex e-con-boxed e-con e-parent\" data-id=\"58fe4e1\" data-element_type=\"container\" data-e-type=\"container\" data-settings=\"{&quot;background_background&quot;:&quot;classic&quot;,&quot;_ha_eqh_enable&quot;:false}\">\n\t\t\t\t\t<div class=\"e-con-inner\">\n\t\t<div class=\"elementor-element elementor-element-87a1b19 e-con-full e-flex e-con e-child\" data-id=\"87a1b19\" data-element_type=\"container\" data-e-type=\"container\" data-settings=\"{&quot;_ha_eqh_enable&quot;:false}\">\n\t\t\t\t<div class=\"elementor-element elementor-element-3ed8e39 elementor-widget__width-initial elementor-widget-mobile__width-inherit elementor-invisible elementor-widget elementor-widget-text-editor\" data-id=\"3ed8e39\" data-element_type=\"widget\" data-e-type=\"widget\" data-settings=\"{&quot;_animation&quot;:&quot;fadeInUp&quot;}\" data-widget_type=\"text-editor.default\">\n\t\t\t\t\t\t\t\t\t<p class=\" translation-block\"><span style=\"font-weight: 400\">Bei <\/span><b>Resortes Galicia<\/b><span style=\"font-weight: 400\"> verstehen wir Qualit\u00e4t als echte Garantie f\u00fcr Leistung und Konformit\u00e4t \u2013 vom Eingang eines Auftrags bis zum Verlassen jedes einzelnen Produkts unserer Anlagen. Deshalb <\/span><b>verl\u00e4sst keine Referenz unser Werk, ohne gem\u00e4\u00df den mit unseren Kunden vereinbarten technischen Anforderungen gepr\u00fcft und freigegeben worden zu sein<\/b><span style=\"font-weight: 400\">.<\/span><\/p><p><span style=\"font-weight: 400;\">Unsere Qualit\u00e4tsmethodik basiert auf kontinuierlichen Kontrollen, fortschrittlicher Messtechnik und Funktionspr\u00fcfungen, die zuverl\u00e4ssige, gleichbleibende und anwendungsgerechte Produkte gew\u00e4hrleisten:<\/span><\/p><p class=\" translation-block\"><b>Pr\u00fcfung in allen Produktionsphasen<\/b><span style=\"font-weight: 400\"><br><\/span><span style=\"font-weight: 400\">Jeder Auftrag wird vor Produktionsbeginn sorgf\u00e4ltig gepr\u00fcft und geplant. W\u00e4hrend des gesamten Prozesses ist die Qualit\u00e4tskontrolle in jede Phase integriert, sodass Rohstoffe, Umformprozesse und Oberfl\u00e4chenbehandlungen den geforderten Spezifikationen entsprechen.<\/span><\/p><p class=\" translation-block\"><b>Automatisierte Messung und Bildverarbeitung<\/b><span style=\"font-weight: 400\"><br><\/span><span style=\"font-weight: 400\">Wir verf\u00fcgen \u00fcber <\/span><b>hochpr\u00e4zise Bildverarbeitungssysteme<\/b><span style=\"font-weight: 400\"> und moderne Messger\u00e4te, mit denen Ma\u00dfe, Toleranzen und Formen \u00e4u\u00dferst genau bewertet werden k\u00f6nnen. Diese Technologie erg\u00e4nzt die manuelle Pr\u00fcfung und hilft uns, Abweichungen fr\u00fchzeitig zu erkennen.<\/span><\/p><p class=\" translation-block\"><b>Leistungspr\u00fcfungen und Dynamometrie<\/b><span style=\"font-weight: 400\"><br><\/span><span style=\"font-weight: 400\">Wir f\u00fchren Funktionspr\u00fcfungen mit <\/span><b>spezialisierten Dynamometern<\/b><span style=\"font-weight: 400\"> und weiteren Pr\u00fcfger\u00e4ten durch, um das Verhalten jeder Feder unter realen Belastungsbedingungen zu \u00fcberpr\u00fcfen. Diese Tests best\u00e4tigen, dass die Funktionalit\u00e4t des Produkts den Konstruktionsparametern und den von unseren Kunden geforderten Leistungsstandards entspricht.<\/span><\/p><p class=\" translation-block\"><b>Endkontrolle und Produktfreigabe<\/b><span style=\"font-weight: 400\"><br><\/span><span style=\"font-weight: 400\">Vor dem Versand durchlaufen die Federn eine <\/span><b>abschlie\u00dfende Qualit\u00e4tskontrolle<\/b><span style=\"font-weight: 400\">, bei der Ma\u00dfe, mechanisches Verhalten und Ausf\u00fchrung \u00fcberpr\u00fcft werden. Nur Teile, die alle Pr\u00fcfkriterien erf\u00fcllen, werden zur Auslieferung freigegeben.<\/span><\/p><p class=\" translation-block\"><b>Zertifiziertes Managementsystem<\/b><span style=\"font-weight: 400\"><br><\/span><span style=\"font-weight: 400\">Unsere Arbeit wird durch ein <\/span><b>Qualit\u00e4tsmanagementsystem gem\u00e4\u00df UNE-EN ISO 9001<\/b><span style=\"font-weight: 400\"> unterst\u00fctzt, das R\u00fcckverfolgbarkeit, Konsistenz und kontinuierliche Verbesserung in allen Prozessen gew\u00e4hrleistet.<\/span><\/p><p><span style=\"font-weight: 400;\">Dieser strukturierte Ansatz, gest\u00fctzt auf moderne Messtechnik, Bildverarbeitung und Pr\u00fcfverfahren, erm\u00f6glicht es uns, Federn zu liefern, die h\u00f6chsten technischen Anforderungen entsprechen und Vertrauen in ihre Leistung schaffen.<\/span><\/span><\/p>\t\t\t\t\t\t\t\t<\/div>\n\t\t\t\t<\/div>\n\t\t\t\t<div class=\"elementor-element elementor-element-6ff5c77 elementor-invisible elementor-widget elementor-widget-button\" data-id=\"6ff5c77\" data-element_type=\"widget\" data-e-type=\"widget\" data-settings=\"{&quot;_animation&quot;:&quot;fadeInUp&quot;,&quot;_animation_delay&quot;:700}\" data-widget_type=\"button.default\">\n\t\t\t\t\t\t\t\t\t\t<a class=\"elementor-button elementor-button-link elementor-size-sm\" href=\"https:\/\/resortesgalicia.com\/wp-content\/uploads\/2026\/02\/3._Politica_SGC_-_08.03.2019.pdf\" target=\"_blank\">\n\t\t\t\t\t\t<span class=\"elementor-button-content-wrapper\">\n\t\t\t\t\t\t\t\t\t<span class=\"elementor-button-text\">Qualit\u00e4tspolitik herunterladen<\/span>\n\t\t\t\t\t<\/span>\n\t\t\t\t\t<\/a>\n\t\t\t\t\t\t\t\t<\/div>\n\t\t\t\t\t<\/div>\n\t\t\t\t<\/div>\n\t\t<div class=\"elementor-element elementor-element-c74e9f0 e-con-full e-flex e-con e-parent\" data-id=\"c74e9f0\" data-element_type=\"container\" data-e-type=\"container\" data-settings=\"{&quot;_ha_eqh_enable&quot;:false}\">\n\t\t\t\t<div class=\"elementor-element elementor-element-091b11b elementor-widget elementor-widget-image\" data-id=\"091b11b\" data-element_type=\"widget\" data-e-type=\"widget\" data-widget_type=\"image.default\">\n\t\t\t\t\t\t\t\t\t\t\t\t\t\t\t<img decoding=\"async\" width=\"1905\" height=\"1\" src=\"https:\/\/resortesgalicia.com\/wp-content\/uploads\/2025\/12\/Horizontal-Divider.svg\" class=\"attachment-full size-full wp-image-188\" alt=\"\" \/>\t\t\t\t\t\t\t\t\t\t\t\t\t\t\t<\/div>\n\t\t\t\t<\/div>\n\t\t<div class=\"elementor-element elementor-element-61d0af6 e-flex e-con-boxed e-con e-parent\" data-id=\"61d0af6\" data-element_type=\"container\" data-e-type=\"container\" data-settings=\"{&quot;background_background&quot;:&quot;classic&quot;,&quot;_ha_eqh_enable&quot;:false}\">\n\t\t\t\t\t<div class=\"e-con-inner\">\n\t\t<div class=\"elementor-element elementor-element-66aa409 e-con-full e-flex e-con e-child\" data-id=\"66aa409\" data-element_type=\"container\" data-e-type=\"container\" data-settings=\"{&quot;_ha_eqh_enable&quot;:false}\">\n\t\t\t\t<div class=\"elementor-element elementor-element-2216502 elementor-widget__width-initial elementor-widget-mobile__width-inherit elementor-invisible elementor-widget elementor-widget-heading\" data-id=\"2216502\" data-element_type=\"widget\" data-e-type=\"widget\" data-settings=\"{&quot;_animation&quot;:&quot;fadeInUp&quot;}\" data-widget_type=\"heading.default\">\n\t\t\t\t\t<h2 class=\"elementor-heading-title elementor-size-default\">Unser Ziel: Qualit\u00e4t<\/h2>\t\t\t\t<\/div>\n\t\t\t\t<div class=\"elementor-element elementor-element-63bd207 elementor-widget__width-initial elementor-widget-mobile__width-inherit elementor-invisible elementor-widget elementor-widget-heading\" data-id=\"63bd207\" data-element_type=\"widget\" data-e-type=\"widget\" data-settings=\"{&quot;_animation&quot;:&quot;fadeInUp&quot;}\" data-no-translation=\"\" data-widget_type=\"heading.default\">\n\t\t\t\t\t<style>.elementor-element-63bd207{display:none !important}<\/style>\t\t\t\t<\/div>\n\t\t\t\t<div class=\"elementor-element elementor-element-05ed1bd animated-slow elementor-widget-divider--view-line elementor-invisible elementor-widget elementor-widget-divider\" data-id=\"05ed1bd\" data-element_type=\"widget\" data-e-type=\"widget\" data-settings=\"{&quot;_animation&quot;:&quot;fadeInUp&quot;}\" data-widget_type=\"divider.default\">\n\t\t\t\t\t\t\t<div class=\"elementor-divider\">\n\t\t\t<span class=\"elementor-divider-separator\">\n\t\t\t\t\t\t<\/span>\n\t\t<\/div>\n\t\t\t\t\t\t<\/div>\n\t\t\t\t<div class=\"elementor-element elementor-element-56ae55d elementor-widget__width-initial elementor-widget-mobile__width-inherit elementor-invisible elementor-widget elementor-widget-text-editor\" data-id=\"56ae55d\" data-element_type=\"widget\" data-e-type=\"widget\" data-settings=\"{&quot;_animation&quot;:&quot;fadeInUp&quot;}\" data-widget_type=\"text-editor.default\">\n\t\t\t\t\t\t\t\t\t<p>Resortes Galicia definiert als allgemeine Unternehmenspolitik, Produkte anzubieten, die die Kunden sowohl in Bezug auf Qualit\u00e4t als auch auf Serviceleistung voll und ganz zufriedenstellen.<\/p><p>Zu diesem Zweck geh\u00f6ren die kontinuierliche technologische Investition, die fortlaufende Schulung sowie das Engagement des gesamten Teams f\u00fcr die kontinuierliche Verbesserung der Produktionsprozesse zu den strategischen Zielen.<\/p><p>Alle diese Prozesse sind gem\u00e4\u00df der Norm ISO 9001:2015 zertifiziert, ausgestellt von der Zertifizierungsstelle T\u00dcV Rheinland.<\/p>\t\t\t\t\t\t\t\t<\/div>\n\t\t\t\t<div class=\"elementor-element elementor-element-7d0c8dc elementor-widget__width-initial elementor-widget-mobile__width-inherit elementor-invisible elementor-widget elementor-widget-text-editor\" data-id=\"7d0c8dc\" data-element_type=\"widget\" data-e-type=\"widget\" data-settings=\"{&quot;_animation&quot;:&quot;fadeInUp&quot;}\" data-no-translation=\"\" data-widget_type=\"text-editor.default\">\n\t\t\t\t\t<style>.elementor-element-7d0c8dc{display:none !important}<\/style>\t\t\t\t<\/div>\n\t\t\t\t<div class=\"elementor-element elementor-element-afd43bd elementor-absolute elementor-hidden-tablet elementor-hidden-mobile elementor-invisible elementor-widget elementor-widget-button\" data-id=\"afd43bd\" data-element_type=\"widget\" data-e-type=\"widget\" data-settings=\"{&quot;_animation&quot;:&quot;fadeInUp&quot;,&quot;_animation_delay&quot;:700,&quot;_position&quot;:&quot;absolute&quot;}\" data-widget_type=\"button.default\">\n\t\t\t\t\t\t\t\t\t\t<a class=\"elementor-button elementor-button-link elementor-size-sm\" href=\"https:\/\/resortesgalicia.com\/wp-content\/uploads\/2026\/01\/0.04.16281_Main_ES.pdf\" target=\"_blank\">\n\t\t\t\t\t\t<span class=\"elementor-button-content-wrapper\">\n\t\t\t\t\t\t\t\t\t<span class=\"elementor-button-text\">ISO 9001:2015 herunterladen<\/span>\n\t\t\t\t\t<\/span>\n\t\t\t\t\t<\/a>\n\t\t\t\t\t\t\t\t<\/div>\n\t\t\t\t<\/div>\n\t\t\t\t<div class=\"elementor-element elementor-element-052071f elementor-widget__width-initial elementor-widget-mobile__width-inherit elementor-invisible elementor-widget elementor-widget-image\" data-id=\"052071f\" data-element_type=\"widget\" data-e-type=\"widget\" data-settings=\"{&quot;_animation&quot;:&quot;fadeInRight&quot;}\" data-widget_type=\"image.default\">\n\t\t\t\t\t\t\t\t\t\t\t\t\t\t\t<img fetchpriority=\"high\" decoding=\"async\" width=\"600\" height=\"686\" src=\"https:\/\/resortesgalicia.com\/wp-content\/uploads\/2026\/01\/resortes-galicia-27.webp\" class=\"attachment-full size-full wp-image-429\" alt=\"\" srcset=\"https:\/\/resortesgalicia.com\/wp-content\/uploads\/2026\/01\/resortes-galicia-27.webp 600w, https:\/\/resortesgalicia.com\/wp-content\/uploads\/2026\/01\/resortes-galicia-27-262x300.webp 262w, https:\/\/resortesgalicia.com\/wp-content\/uploads\/2026\/01\/resortes-galicia-27-10x12.webp 10w\" sizes=\"(max-width: 600px) 100vw, 600px\" \/>\t\t\t\t\t\t\t\t\t\t\t\t\t\t\t<\/div>\n\t\t\t\t<div class=\"elementor-element elementor-element-c3c3354 elementor-mobile-align-justify elementor-widget-mobile__width-inherit elementor-hidden-desktop elementor-hidden-laptop elementor-invisible elementor-widget elementor-widget-button\" data-id=\"c3c3354\" data-element_type=\"widget\" data-e-type=\"widget\" data-settings=\"{&quot;_animation&quot;:&quot;fadeInUp&quot;,&quot;_animation_delay&quot;:700}\" data-widget_type=\"button.default\">\n\t\t\t\t\t\t\t\t\t\t<a class=\"elementor-button elementor-button-link elementor-size-sm\" href=\"https:\/\/resortesgalicia.com\/wp-content\/uploads\/2026\/01\/0.04.16281_Main_ES.pdf\" target=\"_blank\">\n\t\t\t\t\t\t<span class=\"elementor-button-content-wrapper\">\n\t\t\t\t\t\t\t\t\t<span class=\"elementor-button-text\">ISO 9001:2015 herunterladen<\/span>\n\t\t\t\t\t<\/span>\n\t\t\t\t\t<\/a>\n\t\t\t\t\t\t\t\t<\/div>\n\t\t\t\t\t<\/div>\n\t\t\t\t<\/div>\n\t\t\t\t<\/div>","protected":false},"excerpt":{"rendered":"<p>RESORTES GALICIA En Resortes Galicia entendemos la calidad como una garant\u00eda real de rendimiento y conformidad desde que se recibe un pedido hasta que cada producto sale de nuestras instalaciones. Por eso, ninguna referencia abandona nuestra f\u00e1brica sin haber sido verificada y aprobada conforme a los requisitos t\u00e9cnicos pactados con nuestros clientes.\u00a0 Nuestra metodolog\u00eda de [&hellip;]<\/p>\n","protected":false},"author":1,"featured_media":0,"parent":0,"menu_order":0,"comment_status":"closed","ping_status":"closed","template":"elementor_header_footer","meta":{"footnotes":""},"class_list":["post-28","page","type-page","status-publish","hentry"],"_links":{"self":[{"href":"https:\/\/resortesgalicia.com\/de\/wp-json\/wp\/v2\/pages\/28","targetHints":{"allow":["GET"]}}],"collection":[{"href":"https:\/\/resortesgalicia.com\/de\/wp-json\/wp\/v2\/pages"}],"about":[{"href":"https:\/\/resortesgalicia.com\/de\/wp-json\/wp\/v2\/types\/page"}],"author":[{"embeddable":true,"href":"https:\/\/resortesgalicia.com\/de\/wp-json\/wp\/v2\/users\/1"}],"replies":[{"embeddable":true,"href":"https:\/\/resortesgalicia.com\/de\/wp-json\/wp\/v2\/comments?post=28"}],"version-history":[{"count":5,"href":"https:\/\/resortesgalicia.com\/de\/wp-json\/wp\/v2\/pages\/28\/revisions"}],"predecessor-version":[{"id":1864,"href":"https:\/\/resortesgalicia.com\/de\/wp-json\/wp\/v2\/pages\/28\/revisions\/1864"}],"wp:attachment":[{"href":"https:\/\/resortesgalicia.com\/de\/wp-json\/wp\/v2\/media?parent=28"}],"curies":[{"name":"wp","href":"https:\/\/api.w.org\/{rel}","templated":true}]}}