{"id":1536,"date":"2026-02-25T18:53:02","date_gmt":"2026-02-25T18:53:02","guid":{"rendered":"https:\/\/resortesgalicia.com\/?page_id=1536"},"modified":"2026-02-25T19:54:27","modified_gmt":"2026-02-25T19:54:27","slug":"feder","status":"publish","type":"page","link":"https:\/\/resortesgalicia.com\/de\/feder\/","title":{"rendered":"Feder"},"content":{"rendered":"<div data-elementor-type=\"wp-page\" data-elementor-id=\"1536\" class=\"elementor elementor-1536\" data-elementor-settings=\"{&quot;ha_cmc_init_switcher&quot;:&quot;no&quot;}\" data-elementor-post-type=\"page\">\n\t\t\t\t<div class=\"elementor-element elementor-element-18f97bc e-flex e-con-boxed e-con e-parent\" data-id=\"18f97bc\" data-element_type=\"container\" data-e-type=\"container\" data-settings=\"{&quot;background_background&quot;:&quot;classic&quot;,&quot;_ha_eqh_enable&quot;:false}\">\n\t\t\t\t\t<div class=\"e-con-inner\">\n\t\t\t\t<div class=\"elementor-element elementor-element-ab9b256 elementor-widget__width-initial elementor-widget-mobile__width-inherit elementor-invisible elementor-widget elementor-widget-heading\" data-id=\"ab9b256\" data-element_type=\"widget\" data-e-type=\"widget\" data-settings=\"{&quot;_animation&quot;:&quot;fadeInUp&quot;}\" data-widget_type=\"heading.default\">\n\t\t\t\t\t<h2 class=\"elementor-heading-title elementor-size-default\">Axudas e financiamento do Igape a proxectos de investimento empresarial<\/h2>\t\t\t\t<\/div>\n\t\t\t\t<div class=\"elementor-element elementor-element-bfd7919 elementor-widget__width-initial elementor-widget-mobile__width-inherit elementor-widget elementor-widget-image\" data-id=\"bfd7919\" data-element_type=\"widget\" data-e-type=\"widget\" data-widget_type=\"image.default\">\n\t\t\t\t\t\t\t\t\t\t\t\t\t\t\t<img fetchpriority=\"high\" decoding=\"async\" width=\"1200\" height=\"742\" src=\"https:\/\/resortesgalicia.com\/wp-content\/uploads\/2026\/02\/resortes-galicia-85.webp\" class=\"attachment-full size-full wp-image-1541\" alt=\"\" srcset=\"https:\/\/resortesgalicia.com\/wp-content\/uploads\/2026\/02\/resortes-galicia-85.webp 1200w, https:\/\/resortesgalicia.com\/wp-content\/uploads\/2026\/02\/resortes-galicia-85-300x186.webp 300w, https:\/\/resortesgalicia.com\/wp-content\/uploads\/2026\/02\/resortes-galicia-85-1024x633.webp 1024w, https:\/\/resortesgalicia.com\/wp-content\/uploads\/2026\/02\/resortes-galicia-85-768x475.webp 768w, https:\/\/resortesgalicia.com\/wp-content\/uploads\/2026\/02\/resortes-galicia-85-18x12.webp 18w\" sizes=\"(max-width: 1200px) 100vw, 1200px\" \/>\t\t\t\t\t\t\t\t\t\t\t\t\t\t\t<\/div>\n\t\t\t\t\t<\/div>\n\t\t\t\t<\/div>\n\t\t<div class=\"elementor-element elementor-element-08ab8ad e-flex e-con-boxed e-con e-parent\" data-id=\"08ab8ad\" data-element_type=\"container\" data-e-type=\"container\" data-settings=\"{&quot;_ha_eqh_enable&quot;:false}\">\n\t\t\t\t\t<div class=\"e-con-inner\">\n\t\t\t\t<div class=\"elementor-element elementor-element-6930354 elementor-widget__width-initial elementor-widget-mobile__width-inherit elementor-invisible elementor-widget elementor-widget-heading\" data-id=\"6930354\" data-element_type=\"widget\" data-e-type=\"widget\" data-settings=\"{&quot;_animation&quot;:&quot;fadeInUp&quot;}\" data-widget_type=\"heading.default\">\n\t\t\t\t\t<h2 class=\"elementor-heading-title elementor-size-default\">Fondos FEDER<\/h2>\t\t\t\t<\/div>\n\t\t\t\t<div class=\"elementor-element elementor-element-f5a779b elementor-widget__width-initial elementor-widget-mobile__width-inherit elementor-invisible elementor-widget elementor-widget-text-editor\" data-id=\"f5a779b\" data-element_type=\"widget\" data-e-type=\"widget\" data-settings=\"{&quot;_animation&quot;:&quot;fadeInUp&quot;}\" data-widget_type=\"text-editor.default\">\n\t\t\t\t\t\t\t\t\t<p>Esta p\u00e1gina ha sido desarrollada con fondos del Plan de Recuperaci\u00f3n, Transformaci\u00f3n y Resiliencia del Gobierno de Espa\u00f1a, financiado por la Uni\u00f3n Europea.<\/p>\t\t\t\t\t\t\t\t<\/div>\n\t\t\t\t<div class=\"elementor-element elementor-element-0a2db12 elementor-widget__width-initial elementor-widget-mobile__width-inherit elementor-widget elementor-widget-image\" data-id=\"0a2db12\" data-element_type=\"widget\" data-e-type=\"widget\" data-widget_type=\"image.default\">\n\t\t\t\t\t\t\t\t\t\t\t\t\t\t\t<img decoding=\"async\" width=\"1280\" height=\"116\" src=\"https:\/\/resortesgalicia.com\/wp-content\/uploads\/2026\/02\/resortes-galicia-86.webp\" class=\"attachment-full size-full wp-image-1542\" alt=\"\" srcset=\"https:\/\/resortesgalicia.com\/wp-content\/uploads\/2026\/02\/resortes-galicia-86.webp 1280w, https:\/\/resortesgalicia.com\/wp-content\/uploads\/2026\/02\/resortes-galicia-86-300x27.webp 300w, https:\/\/resortesgalicia.com\/wp-content\/uploads\/2026\/02\/resortes-galicia-86-1024x93.webp 1024w, https:\/\/resortesgalicia.com\/wp-content\/uploads\/2026\/02\/resortes-galicia-86-768x70.webp 768w, https:\/\/resortesgalicia.com\/wp-content\/uploads\/2026\/02\/resortes-galicia-86-18x2.webp 18w\" sizes=\"(max-width: 1280px) 100vw, 1280px\" \/>\t\t\t\t\t\t\t\t\t\t\t\t\t\t\t<\/div>\n\t\t\t\t<div class=\"elementor-element elementor-element-1cbe2f6 elementor-widget__width-initial elementor-widget-mobile__width-inherit elementor-invisible elementor-widget elementor-widget-heading\" data-id=\"1cbe2f6\" data-element_type=\"widget\" data-e-type=\"widget\" data-settings=\"{&quot;_animation&quot;:&quot;fadeInUp&quot;}\" data-widget_type=\"heading.default\">\n\t\t\t\t\t<h2 class=\"elementor-heading-title elementor-size-default\">\u201cRESORTES GALICIA S.L.\u201d<\/h2>\t\t\t\t<\/div>\n\t\t\t\t<div class=\"elementor-element elementor-element-1a476c8 elementor-widget__width-initial elementor-widget-mobile__width-inherit elementor-invisible elementor-widget elementor-widget-text-editor\" data-id=\"1a476c8\" data-element_type=\"widget\" data-e-type=\"widget\" data-settings=\"{&quot;_animation&quot;:&quot;fadeInUp&quot;}\" data-widget_type=\"text-editor.default\">\n\t\t\t\t\t\t\t\t\t<p>Proxecto IG107.2016.1.151<\/p>\t\t\t\t\t\t\t\t<\/div>\n\t\t\t\t<div class=\"elementor-element elementor-element-7e2e13e elementor-widget__width-initial elementor-widget-mobile__width-inherit elementor-invisible elementor-widget elementor-widget-heading\" data-id=\"7e2e13e\" data-element_type=\"widget\" data-e-type=\"widget\" data-settings=\"{&quot;_animation&quot;:&quot;fadeInUp&quot;}\" data-widget_type=\"heading.default\">\n\t\t\t\t\t<h2 class=\"elementor-heading-title elementor-size-default\">GALICIA EMPRENDE 2016<\/h2>\t\t\t\t<\/div>\n\t\t\t\t<div class=\"elementor-element elementor-element-490ab6f elementor-widget__width-initial elementor-widget-mobile__width-inherit elementor-invisible elementor-widget elementor-widget-text-editor\" data-id=\"490ab6f\" data-element_type=\"widget\" data-e-type=\"widget\" data-settings=\"{&quot;_animation&quot;:&quot;fadeInUp&quot;}\" data-widget_type=\"text-editor.default\">\n\t\t\t\t\t\t\t\t\t<p>RESOLUCI\u00d3N do 28 de decembro de 2015 pola que se d\u00e1 publicidade ao acord\u00f3 do Consello de Direcci\u00f3n que aproba as bases reguladoras das axudas para novos emprendedores, cofinanciadas polo Fondo Europeo de Desenvolvemento Rexional, no marco do programa operativo Feder Galicia 2014-2020, e se procede \u00e1 s\u00faa convocatoria en r\u00e9xime de concorrencia competitiva.<\/p>\t\t\t\t\t\t\t\t<\/div>\n\t\t\t\t<div class=\"elementor-element elementor-element-f268fea elementor-widget__width-initial elementor-widget-mobile__width-inherit elementor-invisible elementor-widget elementor-widget-text-editor\" data-id=\"f268fea\" data-element_type=\"widget\" data-e-type=\"widget\" data-settings=\"{&quot;_animation&quot;:&quot;fadeInUp&quot;}\" data-widget_type=\"text-editor.default\">\n\t\t\t\t\t\t\t\t\t<p><strong>\u201cRealizaci\u00f3n de investimentos para a ampliaci\u00f3n do negocio\u00bb<\/strong><\/p>\t\t\t\t\t\t\t\t<\/div>\n\t\t\t\t<div class=\"elementor-element elementor-element-020ccd0 elementor-widget__width-initial elementor-widget-mobile__width-inherit elementor-widget elementor-widget-image\" data-id=\"020ccd0\" data-element_type=\"widget\" data-e-type=\"widget\" data-widget_type=\"image.default\">\n\t\t\t\t\t\t\t\t\t\t\t\t\t\t\t<img decoding=\"async\" width=\"1280\" height=\"164\" src=\"https:\/\/resortesgalicia.com\/wp-content\/uploads\/2026\/02\/resortes-galicia-87.webp\" class=\"attachment-full size-full wp-image-1544\" alt=\"\" srcset=\"https:\/\/resortesgalicia.com\/wp-content\/uploads\/2026\/02\/resortes-galicia-87.webp 1280w, https:\/\/resortesgalicia.com\/wp-content\/uploads\/2026\/02\/resortes-galicia-87-300x38.webp 300w, https:\/\/resortesgalicia.com\/wp-content\/uploads\/2026\/02\/resortes-galicia-87-1024x131.webp 1024w, https:\/\/resortesgalicia.com\/wp-content\/uploads\/2026\/02\/resortes-galicia-87-768x98.webp 768w, https:\/\/resortesgalicia.com\/wp-content\/uploads\/2026\/02\/resortes-galicia-87-18x2.webp 18w\" sizes=\"(max-width: 1280px) 100vw, 1280px\" \/>\t\t\t\t\t\t\t\t\t\t\t\t\t\t\t<\/div>\n\t\t\t\t\t<\/div>\n\t\t\t\t<\/div>\n\t\t\t\t<\/div>","protected":false},"excerpt":{"rendered":"<p>Axudas e financiamento do Igape a proxectos de investimento empresarial Fondos FEDER Esta p\u00e1gina ha sido desarrollada con fondos del Plan de Recuperaci\u00f3n, Transformaci\u00f3n y Resiliencia del Gobierno de Espa\u00f1a, financiado por la Uni\u00f3n Europea. \u201cRESORTES GALICIA S.L.\u201d Proxecto IG107.2016.1.151 GALICIA EMPRENDE 2016 RESOLUCI\u00d3N do 28 de decembro de 2015 pola que se d\u00e1 publicidade [&hellip;]<\/p>\n","protected":false},"author":1,"featured_media":0,"parent":0,"menu_order":0,"comment_status":"closed","ping_status":"closed","template":"elementor_header_footer","meta":{"footnotes":""},"class_list":["post-1536","page","type-page","status-publish","hentry"],"_links":{"self":[{"href":"https:\/\/resortesgalicia.com\/de\/wp-json\/wp\/v2\/pages\/1536","targetHints":{"allow":["GET"]}}],"collection":[{"href":"https:\/\/resortesgalicia.com\/de\/wp-json\/wp\/v2\/pages"}],"about":[{"href":"https:\/\/resortesgalicia.com\/de\/wp-json\/wp\/v2\/types\/page"}],"author":[{"embeddable":true,"href":"https:\/\/resortesgalicia.com\/de\/wp-json\/wp\/v2\/users\/1"}],"replies":[{"embeddable":true,"href":"https:\/\/resortesgalicia.com\/de\/wp-json\/wp\/v2\/comments?post=1536"}],"version-history":[{"count":4,"href":"https:\/\/resortesgalicia.com\/de\/wp-json\/wp\/v2\/pages\/1536\/revisions"}],"predecessor-version":[{"id":1547,"href":"https:\/\/resortesgalicia.com\/de\/wp-json\/wp\/v2\/pages\/1536\/revisions\/1547"}],"wp:attachment":[{"href":"https:\/\/resortesgalicia.com\/de\/wp-json\/wp\/v2\/media?parent=1536"}],"curies":[{"name":"wp","href":"https:\/\/api.w.org\/{rel}","templated":true}]}}