{"id":1048,"date":"2026-02-23T17:34:35","date_gmt":"2026-02-23T17:34:35","guid":{"rendered":"https:\/\/resortesgalicia.com\/?page_id=1048"},"modified":"2026-02-26T17:48:50","modified_gmt":"2026-02-26T17:48:50","slug":"politica-de-privacidad","status":"publish","type":"page","link":"https:\/\/resortesgalicia.com\/de\/politica-de-privacidad\/","title":{"rendered":"Datenschutzerkl\u00e4rung"},"content":{"rendered":"<div data-elementor-type=\"wp-page\" data-elementor-id=\"1048\" class=\"elementor elementor-1048\" data-elementor-settings=\"{&quot;ha_cmc_init_switcher&quot;:&quot;no&quot;}\" data-elementor-post-type=\"page\">\n\t\t\t\t<div class=\"elementor-element elementor-element-efcbbdb e-con-full e-flex e-con e-parent\" data-id=\"efcbbdb\" data-element_type=\"container\" data-e-type=\"container\" data-settings=\"{&quot;_ha_eqh_enable&quot;:false}\">\n\t\t\t\t<div class=\"elementor-element elementor-element-f39e99d elementor-widget elementor-widget-template\" data-id=\"f39e99d\" data-element_type=\"widget\" data-e-type=\"widget\" data-widget_type=\"template.default\">\n\t\t\t\t<div class=\"elementor-widget-container\">\n\t\t\t\t\t\t\t<div class=\"elementor-template\">\n\t\t\t\t\t<div data-elementor-type=\"container\" data-elementor-id=\"891\" class=\"elementor elementor-891\" data-elementor-settings=\"{&quot;ha_cmc_init_switcher&quot;:&quot;no&quot;}\" data-elementor-post-type=\"elementor_library\">\n\t\t\t\t<div class=\"elementor-element elementor-element-4d09dffa e-flex e-con-boxed e-con e-parent\" data-id=\"4d09dffa\" data-element_type=\"container\" data-e-type=\"container\" data-settings=\"{&quot;background_background&quot;:&quot;classic&quot;,&quot;_ha_eqh_enable&quot;:false}\">\n\t\t\t\t\t<div class=\"e-con-inner\">\n\t\t\t\t<div class=\"elementor-element elementor-element-741825 ha-has-bg-overlay elementor-invisible elementor-widget elementor-widget-heading\" data-id=\"741825\" data-element_type=\"widget\" data-e-type=\"widget\" data-settings=\"{&quot;_animation&quot;:&quot;fadeInUp&quot;,&quot;_animation_delay&quot;:400}\" data-widget_type=\"heading.default\">\n\t\t\t\t\t<p class=\"elementor-heading-title elementor-size-default\">RESORTES GALICIA<\/p>\t\t\t\t<\/div>\n\t\t\t\t\t<\/div>\n\t\t\t\t<\/div>\n\t\t\t\t<\/div>\n\t\t\t\t<\/div>\n\t\t\t\t\t\t<\/div>\n\t\t\t\t<\/div>\n\t\t\t\t<\/div>\n\t\t<div class=\"elementor-element elementor-element-4941a34 e-flex e-con-boxed e-con e-parent\" data-id=\"4941a34\" data-element_type=\"container\" data-e-type=\"container\" data-settings=\"{&quot;background_background&quot;:&quot;classic&quot;,&quot;_ha_eqh_enable&quot;:false}\">\n\t\t\t\t\t<div class=\"e-con-inner\">\n\t\t<div class=\"elementor-element elementor-element-c757ed2 e-con-full e-flex e-con e-child\" data-id=\"c757ed2\" data-element_type=\"container\" data-e-type=\"container\" data-settings=\"{&quot;_ha_eqh_enable&quot;:false}\">\n\t\t\t\t<div class=\"elementor-element elementor-element-6b38175 elementor-widget__width-initial elementor-widget-mobile__width-inherit elementor-invisible elementor-widget elementor-widget-text-editor\" data-id=\"6b38175\" data-element_type=\"widget\" data-e-type=\"widget\" data-settings=\"{&quot;_animation&quot;:&quot;fadeInUp&quot;}\" data-widget_type=\"text-editor.default\">\n\t\t\t\t\t\t\t\t\t<h2>DATENSCHUTZERKL\u00c4RUNG<\/h2><p>Diese Website entspricht den Anforderungen des Organgesetzes 15\/1999 vom 13. Dezember zum Schutz personenbezogener Daten (LOPD) sowie dem K\u00f6niglichen Dekret 1720\/2007 vom 21. Dezember, bekannt als Durchf\u00fchrungsverordnung zur LOPD. Sie erf\u00fcllt au\u00dferdem die Verordnung (EU) 2016\/679 des Europ\u00e4ischen Parlaments und des Rates vom 27. April 2016 zum Schutz nat\u00fcrlicher Personen (DSGVO) sowie das Gesetz 34\/2002 vom 11. Juli \u00fcber Dienste der Informationsgesellschaft und den elektronischen Gesch\u00e4ftsverkehr (LSSICE oder LSSI).<\/p><h3>1. Verantwortlicher<\/h3><p>Verantwortlicher: Resortes Galicia, S.L NIF: B-32435489 Postanschrift: Pol\u00edgono San Cibrao das Vi\u00f1as, Calle 3, n\u00ba 6, Nave 19\u201324, 32901 Ourense Telefon: +34 988 227329 E-Mail: resortesgalicia@resortesgalicia.com<\/p><h3>2. Zweck<\/h3><p>2.1 Zweck der Verarbeitung: Die von den Nutzern bereitgestellten Informationen werden f\u00fcr die Verwaltung, Analyse und Beantwortung der \u00fcber die Website gestellten Anfragen verwendet. Die personenbezogenen Daten der Nutzer werden \u00fcber Online-Formulare im Internet erhoben. Die personenbezogenen Daten k\u00f6nnen anschlie\u00dfend zu statistischen Zwecken und f\u00fcr gelegentliche kommerzielle Ma\u00dfnahmen verarbeitet werden. In keinem Fall wird diese Website personenbezogene Daten ihrer Nutzer an Dritte weitergeben, ohne diese zuvor zu informieren und ihre Einwilligung einzuholen. 2.2 Aufbewahrungsfristen oder -kriterien: Die Daten werden so lange aufbewahrt, wie es gem\u00e4\u00df den bereitgestellten Informationen erforderlich ist oder bis ihre L\u00f6schung durch die betroffene Person beantragt wird.<\/p><h3>3. Rechtsgrundlage<\/h3><p>Die Rechtsgrundlage f\u00fcr die Verarbeitung ist die Einwilligung des Nutzers.<\/p><h3>4. Empf\u00e4nger<\/h3><p>Die Daten werden an folgende Unternehmen \u00fcbermittelt, die Dienstleistungen erbringen, die f\u00fcr die Entwicklung der T\u00e4tigkeit unbedingt erforderlich sind: Hosting: Resortes Galicia beauftragt seine virtuelle Infrastruktur \u00fcber IONOS (https:\/\/ionos.com) Webplattform: WordPress (https:\/\/es.wordpress.org)<\/p><h3>5. Rechte<\/h3><p>Sie k\u00f6nnen sich (per E-Mail oder Post) an uns wenden, um folgende Rechte auszu\u00fcben: Recht auf Auskunft \u00fcber die personenbezogenen Daten der betroffenen Person, \u2013 Recht auf Berichtigung oder L\u00f6schung, \u2013 Recht auf Einschr\u00e4nkung der Verarbeitung \u2013 Recht auf Widerspruch gegen die Verarbeitung \u2013 Recht auf Daten\u00fcbertragbarkeit Die auf der Website resortesgalicia.com erhobenen personenbezogenen Daten stammen aus: 1. Kontaktformular 2. Cookies. Unsere Cookie-Richtlinie k\u00f6nnen Sie hier einsehen. Die verarbeiteten Datenkategorien sind: Identifikationsdaten (Name und E-Mail-Adresse)<\/p>\t\t\t\t\t\t\t\t<\/div>\n\t\t\t\t<\/div>\n\t\t\t\t\t<\/div>\n\t\t\t\t<\/div>\n\t\t\t\t<\/div>","protected":false},"excerpt":{"rendered":"<p>POL\u00cdTICA DE PRIVACIDAD Esta web est\u00e1 adecuada a las exigencias de la Ley Org\u00e1nica 15\/1999, de 13 de diciembre, de Protecci\u00f3n de Datos de Car\u00e1cter Personal (LOPD), y al Real Decreto 1720\/2007, de 21 de diciembre, conocido como el Reglamento de desarrollo de la LOPD. Cumple tambi\u00e9n con el Reglamento (UE) 2016\/679 del Parlamento Europeo [&hellip;]<\/p>\n","protected":false},"author":1,"featured_media":0,"parent":0,"menu_order":0,"comment_status":"closed","ping_status":"closed","template":"elementor_header_footer","meta":{"footnotes":""},"class_list":["post-1048","page","type-page","status-publish","hentry"],"_links":{"self":[{"href":"https:\/\/resortesgalicia.com\/de\/wp-json\/wp\/v2\/pages\/1048","targetHints":{"allow":["GET"]}}],"collection":[{"href":"https:\/\/resortesgalicia.com\/de\/wp-json\/wp\/v2\/pages"}],"about":[{"href":"https:\/\/resortesgalicia.com\/de\/wp-json\/wp\/v2\/types\/page"}],"author":[{"embeddable":true,"href":"https:\/\/resortesgalicia.com\/de\/wp-json\/wp\/v2\/users\/1"}],"replies":[{"embeddable":true,"href":"https:\/\/resortesgalicia.com\/de\/wp-json\/wp\/v2\/comments?post=1048"}],"version-history":[{"count":5,"href":"https:\/\/resortesgalicia.com\/de\/wp-json\/wp\/v2\/pages\/1048\/revisions"}],"predecessor-version":[{"id":1732,"href":"https:\/\/resortesgalicia.com\/de\/wp-json\/wp\/v2\/pages\/1048\/revisions\/1732"}],"wp:attachment":[{"href":"https:\/\/resortesgalicia.com\/de\/wp-json\/wp\/v2\/media?parent=1048"}],"curies":[{"name":"wp","href":"https:\/\/api.w.org\/{rel}","templated":true}]}}